{"id":6699,"date":"2024-09-11T13:43:00","date_gmt":"2024-09-11T17:43:00","guid":{"rendered":"https:\/\/valleeforestryequipment.eu\/notre-histoire\/"},"modified":"2025-08-29T10:21:58","modified_gmt":"2025-08-29T14:21:58","slug":"unsere-geschichte","status":"publish","type":"page","link":"https:\/\/valleeforestryequipment.eu\/de\/unsere-geschichte\/","title":{"rendered":"Unsere Geschichte"},"content":{"rendered":"\t\t<div data-elementor-type=\"wp-page\" data-elementor-id=\"6699\" class=\"elementor elementor-6699 elementor-304\" data-elementor-post-type=\"page\">\n\t\t\t\t<div class=\"elementor-element elementor-element-33cef36 e-flex e-con-boxed e-con e-parent\" data-id=\"33cef36\" data-element_type=\"container\" data-e-type=\"container\" data-settings=\"{&quot;background_background&quot;:&quot;classic&quot;}\">\n\t\t\t\t\t<div class=\"e-con-inner\">\n\t\t\t\t<div class=\"elementor-element elementor-element-dc9f9bd elementor-widget elementor-widget-heading\" data-id=\"dc9f9bd\" data-element_type=\"widget\" data-e-type=\"widget\" data-widget_type=\"heading.default\">\n\t\t\t\t<div class=\"elementor-widget-container\">\n\t\t\t\t\t<h3 class=\"elementor-heading-title elementor-size-default\">Unsere Geschichte<\/h3>\t\t\t\t<\/div>\n\t\t\t\t<\/div>\n\t\t\t\t\t<\/div>\n\t\t\t\t<\/div>\n\t\t<div class=\"elementor-element elementor-element-b728fbd e-con-full e-flex e-con e-parent\" data-id=\"b728fbd\" data-element_type=\"container\" data-e-type=\"container\">\n\t\t<div class=\"elementor-element elementor-element-486d864 e-con-full e-flex elementor-invisible e-con e-child\" data-id=\"486d864\" data-element_type=\"container\" data-e-type=\"container\" data-settings=\"{&quot;background_background&quot;:&quot;classic&quot;,&quot;animation&quot;:&quot;fadeIn&quot;}\">\n\t\t\t\t<div class=\"elementor-element elementor-element-51ac1d5 elementor-widget elementor-widget-spacer\" data-id=\"51ac1d5\" data-element_type=\"widget\" data-e-type=\"widget\" data-widget_type=\"spacer.default\">\n\t\t\t\t<div class=\"elementor-widget-container\">\n\t\t\t\t\t\t\t<div class=\"elementor-spacer\">\n\t\t\t<div class=\"elementor-spacer-inner\"><\/div>\n\t\t<\/div>\n\t\t\t\t\t\t<\/div>\n\t\t\t\t<\/div>\n\t\t\t\t<\/div>\n\t\t<div class=\"elementor-element elementor-element-4007a4b e-con-full e-flex elementor-invisible e-con e-child\" data-id=\"4007a4b\" data-element_type=\"container\" data-e-type=\"container\" data-settings=\"{&quot;animation&quot;:&quot;fadeIn&quot;}\">\n\t\t\t\t<div class=\"elementor-element elementor-element-afb9237 elementor-widget elementor-widget-heading\" data-id=\"afb9237\" data-element_type=\"widget\" data-e-type=\"widget\" data-widget_type=\"heading.default\">\n\t\t\t\t<div class=\"elementor-widget-container\">\n\t\t\t\t\t<h5 class=\"elementor-heading-title elementor-size-default\">Eine tief verwurzelte Geschichte <\/h5>\t\t\t\t<\/div>\n\t\t\t\t<\/div>\n\t\t\t\t<div class=\"elementor-element elementor-element-0279051 elementor-widget elementor-widget-text-editor\" data-id=\"0279051\" data-element_type=\"widget\" data-e-type=\"widget\" data-widget_type=\"text-editor.default\">\n\t\t\t\t<div class=\"elementor-widget-container\">\n\t\t\t\t\t\t\t\t\t<p>Das Abenteuer <em>Vall\u00e9e <\/em><em>Forstmaschinen <\/em>begann 1998, als Omer Vall\u00e9e ein Waldst\u00fcck in der Kleinstadt Saint-Denis-de-<\/p>\n<p>Brompton zu bewirtschaften begann. Beim Versuch, sein Grundst\u00fcck in ein spannendes Projekt umzuwandeln, sah sich Omer einem gro\u00dfen Problem gegen\u00fcber: Das S\u00e4gewerksangebot auf dem Markt war sehr begrenzt. Um seinen Bedarf zu decken und angetrieben von seinem Innovationsgeist modifizierte und verbesserte er eine einfache Maschine und schuf so das\u00a0 allererste S\u00e4gewerk der Marke Vall\u00e9e.<\/p>\n<p>Innerhalb k\u00fcrzester Zeit erregte dieses handgefertigte S\u00e4gewerk das Interesse des Dorfes. Obwohl es ihm fern lag, seine Kreation zu verkaufen, bat ihn ein Nachbar, auch f\u00fcr ihn eine Maschine zu bauen. So wurden durch Mundpropaganda seine ersten S\u00e4gewerke verkauft. Die Maschinen erfreuten sich zunehmender Beliebtheit, sodass Omer nun eine Welt voller M\u00f6glichkeiten offenstand. Urspr\u00fcnglich hatte er keine Pl\u00e4ne, in diesem Bereich Karriere zu machen, es war ja nur ein Hobby, doch dann entdeckte er seine Leidenschaft und folgte ihr. So entstand das mobile S\u00e4gewerk von Vall\u00e9e. Geleitet von der Vision seiner Familie, aber mit Weitblick, revolutionierte Omer den Markt. Seine S\u00e4gewerke wurden zum Symbol f\u00fcr Innovation und Einfallsreichtum und eroberten sich einen besonderen Platz in den Herzen der Menschen.<\/p>\t\t\t\t\t\t\t\t<\/div>\n\t\t\t\t<\/div>\n\t\t\t\t<\/div>\n\t\t\t\t<\/div>\n\t\t<div class=\"elementor-element elementor-element-ae720f4 e-flex e-con-boxed elementor-invisible e-con e-parent\" data-id=\"ae720f4\" data-element_type=\"container\" data-e-type=\"container\" data-settings=\"{&quot;animation&quot;:&quot;fadeIn&quot;}\">\n\t\t\t\t\t<div class=\"e-con-inner\">\n\t\t\t\t<div class=\"elementor-element elementor-element-42558cf elementor-widget elementor-widget-heading\" data-id=\"42558cf\" data-element_type=\"widget\" data-e-type=\"widget\" data-widget_type=\"heading.default\">\n\t\t\t\t<div class=\"elementor-widget-container\">\n\t\t\t\t\t<h3 class=\"elementor-heading-title elementor-size-default\">25 Jahre Innovation in der Forstwirtschaft <\/h3>\t\t\t\t<\/div>\n\t\t\t\t<\/div>\n\t\t\t\t<div class=\"elementor-element elementor-element-0810234 elementor-widget elementor-widget-text-editor\" data-id=\"0810234\" data-element_type=\"widget\" data-e-type=\"widget\" data-widget_type=\"text-editor.default\">\n\t\t\t\t<div class=\"elementor-widget-container\">\n\t\t\t\t\t\t\t\t\t<p>Zwischen 1998 und 2008 produzierte Omer fast 50 mobile S\u00e4gewerke. Um den Fortbestand des Unternehmens zu sichern, \u00fcbernahm Pascal, Omers Sohn, 2008 das Familienerbe und schloss sich seinem Vater an. Mit Mut und Entschlossenheit st\u00fcrzte sich Pascal in dieses aufregende Projekt. Mit seiner zehnj\u00e4hrigen Erfahrung und seinem Unternehmergeist gr\u00fcndete er die Pascal Metal Inc., entschlossen, das einzigartige Produktangebot seines Vaters zu erweitern. Pascal, ein durch und durch kreativer Mensch mit einer avantgardistischen Vision, versuchte, seine S\u00e4gewerke mit unverwechselbaren<\/p>\n<p>Komponenten zu versehen und so die mobilen S\u00e4gewerke von Vall\u00e9e in eine Spitzenposition auf dem regionalen Markt zu bringen.<\/p>\n<p>Im Laufe der Jahre konnten die mobilen S\u00e4gewerke von Vall\u00e9e ihre Pr\u00e4senz in Kanada kontinuierlich ausbauen. Mit der Unterzeichnung des ersten Vertriebsvertrags markierte das Jahr 2015 einen wichtigen Meilenstein f\u00fcr das Unternehmen. Kurz darauf, im Jahr 2017, wurde Pascal International Inc. gegr\u00fcndet, ein auf den Import und Vertrieb erschwinglicher forstwirtschaftlicher Produkte spezialisiertes Unternehmen. Dieser Schritt erm\u00f6glichte es Pascal, den Unternehmenshorizont zu erweitern und so bedeutende Marktanteile im Forstproduktbereich zu gewinnen. Im selben Jahr gelang den mobilen S\u00e4gewerken von Vall\u00e9e mit der ersten Vertriebsvertretung in den USA der Durchbruch auf dem amerikanischen Markt.<\/p>\n<p>Knapp ein Jahr sp\u00e4ter, im Jahr 2018, fusionierten Pascal Metal Inc. und Pascal International Inc. zu <em>Vall\u00e9e <\/em><em>Forstmaschinen. <\/em>Diese Fusion, einhergehend mit einem brandneuen Logo und neuen Farben, festigte die Unternehmensidentit\u00e4t, was sich nicht zuletzt in stolzen Mitarbeitern spiegelte. Die Reorganisation st\u00e4rkte das Unternehmen, das nun verschiedene<\/p>\n<p>Produktlinien f\u00fcr die Forstwirtschaft importierte, produzierte und vertrieb. So verk\u00f6rpern die mobilen S\u00e4gewerke von Vall\u00e9e heute den Erfolg eines Familienunternehmens, das sich im Laufe der Jahre mit gro\u00dfer Finesse und Flexibilit\u00e4t an die st\u00e4ndige Entwicklung der M\u00e4rkte anzupassen verstand.<\/p>\n<p><em>Vall\u00e9e <\/em><em>Forstmaschinen <\/em>hat sich \u00fcber Generationen hinweg erfolgreich an die ver\u00e4nderten Gegebenheiten angepasst und besch\u00e4ftigt heute rund 30 Mitarbeiter. Unterst\u00fctzt wird das Unternehmen von einem breiten H\u00e4ndlernetz in ganz<\/p>\n<p>Nordamerika. Dank Pascal Vall\u00e9es vision\u00e4rem Geist und der Kreativit\u00e4t eines engagierten Teams verkauft das Unternehmen seither Tausende mobile S\u00e4gewerke in Kanada und den USA. Angetrieben vom Bestreben nach Innovation bei gleichbleibender Produktqualit\u00e4t\u00a0 konnte sich <em>Vall\u00e9e <\/em><em>Forstmaschinen <\/em>im Laufe der Zeit einen Ruf machen und sich stolz gegen\u00fcber der Konkurrenz behaupten. Das Unternehmen ist zweifellos eines der f\u00fchrenden Unternehmen in der Forstwirtschaft.<\/p>\t\t\t\t\t\t\t\t<\/div>\n\t\t\t\t<\/div>\n\t\t\t\t<div class=\"elementor-element elementor-element-6176ee5 elementor-widget elementor-widget-text-editor\" data-id=\"6176ee5\" data-element_type=\"widget\" data-e-type=\"widget\" data-widget_type=\"text-editor.default\">\n\t\t\t\t<div class=\"elementor-widget-container\">\n\t\t\t\t\t\t\t\t\t<h4 style=\"text-align: center;\">Seit 1998 auf dem Markt ist Vall\u00e9e Forstmaschinen bereit f\u00fcr die Herausforderungen von morgen!<\/h4>\t\t\t\t\t\t\t\t<\/div>\n\t\t\t\t<\/div>\n\t\t\t\t\t<\/div>\n\t\t\t\t<\/div>\n\t\t\t\t<\/div>\n\t\t","protected":false},"excerpt":{"rendered":"<p>Eine tief verwurzelte Geschichte Das Abenteuer Vall\u00e9e Forstmaschinen begann 1998, als Omer Vall\u00e9e ein Waldst\u00fcck in der Kleinstadt Saint-Denis-de- Brompton zu bewirtschaften begann. Beim Versuch, sein Grundst\u00fcck in ein spannendes Projekt umzuwandeln, sah sich Omer einem gro\u00dfen Problem gegen\u00fcber: Das S\u00e4gewerksangebot auf dem Markt war sehr begrenzt. Um seinen Bedarf zu decken und angetrieben von [&hellip;]<\/p>\n","protected":false},"author":1,"featured_media":5790,"parent":0,"menu_order":0,"comment_status":"closed","ping_status":"closed","template":"","meta":{"_acf_changed":false,"footnotes":""},"class_list":["post-6699","page","type-page","status-publish","has-post-thumbnail","hentry"],"acf":[],"_links":{"self":[{"href":"https:\/\/valleeforestryequipment.eu\/de\/wp-json\/wp\/v2\/pages\/6699","targetHints":{"allow":["GET"]}}],"collection":[{"href":"https:\/\/valleeforestryequipment.eu\/de\/wp-json\/wp\/v2\/pages"}],"about":[{"href":"https:\/\/valleeforestryequipment.eu\/de\/wp-json\/wp\/v2\/types\/page"}],"author":[{"embeddable":true,"href":"https:\/\/valleeforestryequipment.eu\/de\/wp-json\/wp\/v2\/users\/1"}],"replies":[{"embeddable":true,"href":"https:\/\/valleeforestryequipment.eu\/de\/wp-json\/wp\/v2\/comments?post=6699"}],"version-history":[{"count":4,"href":"https:\/\/valleeforestryequipment.eu\/de\/wp-json\/wp\/v2\/pages\/6699\/revisions"}],"predecessor-version":[{"id":6704,"href":"https:\/\/valleeforestryequipment.eu\/de\/wp-json\/wp\/v2\/pages\/6699\/revisions\/6704"}],"wp:featuredmedia":[{"embeddable":true,"href":"https:\/\/valleeforestryequipment.eu\/de\/wp-json\/wp\/v2\/media\/5790"}],"wp:attachment":[{"href":"https:\/\/valleeforestryequipment.eu\/de\/wp-json\/wp\/v2\/media?parent=6699"}],"curies":[{"name":"wp","href":"https:\/\/api.w.org\/{rel}","templated":true}]}}