{"id":6720,"date":"2024-09-11T13:43:20","date_gmt":"2024-09-11T17:43:20","guid":{"rendered":"https:\/\/valleeforestryequipment.eu\/politique-de-confidentialite\/"},"modified":"2025-08-29T11:30:08","modified_gmt":"2025-08-29T15:30:08","slug":"datenschutzrichtlinie","status":"publish","type":"page","link":"https:\/\/valleeforestryequipment.eu\/de\/datenschutzrichtlinie\/","title":{"rendered":"Datenschutzrichtlinie"},"content":{"rendered":"\t\t<div data-elementor-type=\"wp-page\" data-elementor-id=\"6720\" class=\"elementor elementor-6720 elementor-306\" data-elementor-post-type=\"page\">\n\t\t\t\t<div class=\"elementor-element elementor-element-f666683 e-flex e-con-boxed e-con e-parent\" data-id=\"f666683\" data-element_type=\"container\" data-e-type=\"container\" data-settings=\"{&quot;background_background&quot;:&quot;classic&quot;}\">\n\t\t\t\t\t<div class=\"e-con-inner\">\n\t\t\t\t<div class=\"elementor-element elementor-element-f153667 elementor-widget elementor-widget-heading\" data-id=\"f153667\" data-element_type=\"widget\" data-e-type=\"widget\" data-widget_type=\"heading.default\">\n\t\t\t\t<div class=\"elementor-widget-container\">\n\t\t\t\t\t<h3 class=\"elementor-heading-title elementor-size-default\">Datenschutzrichtlinie<\/h3>\t\t\t\t<\/div>\n\t\t\t\t<\/div>\n\t\t\t\t\t<\/div>\n\t\t\t\t<\/div>\n\t\t<div class=\"elementor-element elementor-element-16b67a7 e-flex e-con-boxed e-con e-parent\" data-id=\"16b67a7\" data-element_type=\"container\" data-e-type=\"container\">\n\t\t\t\t\t<div class=\"e-con-inner\">\n\t\t\t\t<div class=\"elementor-element elementor-element-16bfb10 elementor-widget elementor-widget-text-editor\" data-id=\"16bfb10\" data-element_type=\"widget\" data-e-type=\"widget\" data-widget_type=\"text-editor.default\">\n\t\t\t\t<div class=\"elementor-widget-container\">\n\t\t\t\t\t\t\t\t\t<h4>Anwendung der Datenschutzrichtlinie<\/h4><p>Diese Richtlinie regelt, wie <em>Vall\u00e9e <\/em><em>Forstmaschinen <\/em>die freiwillig von Nutzern der Website bereitgestellten und automatisch vom Webserver \u00fcbermittelten Informationen sammelt, verwendet und sch\u00fctzt. Diese Richtlinie gilt f\u00fcr die gesamte Website <a href=\"https:\/\/valleeforestryequipment.eu\">https:\/\/valleeforestryequipment.eu<\/a> sowie f\u00fcr die von <em>Vall\u00e9e <\/em><em>Forstmaschinen<\/em> angebotenen Produkte und Dienstleistungen. Sie erl\u00e4utert au\u00dferdem, wie Sie Ihre personenbezogenen Daten \u00fcberpr\u00fcfen oder aktualisieren und wie Sie <em>Vall\u00e9e <\/em><em>Forstmaschinen<\/em> bei Fragen, Anregungen oder Kommentaren kontaktieren k\u00f6nnen. <em>Vall\u00e9e Forstmaschinen<\/em> beh\u00e4lt sich das Recht vor, diese Richtlinie jederzeit und ohne Vorank\u00fcndigung zu \u00e4ndern. Wir empfehlen Ihnen, unsere Richtlinie sorgf\u00e4ltig zu lesen und regelm\u00e4\u00dfig zu konsultieren.<\/p><h5>Datenerhebung<\/h5><p>Auf unserer Website werden zwei Arten von Daten erhoben.<\/p><ol><li><strong>Personenbezogene Daten<\/strong><\/li><\/ol><p>Im Sinne dieser Richtlinie bezeichnet der Begriff \u201epersonenbezogene Daten\u201c Informationen, die eine nat\u00fcrliche Person identifizieren. F\u00fcr alle Aktionen im Zusammenhang mit einer Online-Reservierung, Registrierung, dem Senden eines<\/p><p>Lebenslaufs oder dem Ausf\u00fcllen eines Kontaktformulars ist die freiwillige Angabe Ihrer personenbezogenen Daten erforderlich. Sie werden benachrichtigt, wenn diese Angaben f\u00fcr die Bearbeitung Ihrer Anfrage zwingend erforderlich sind. <em>Vall\u00e9e <\/em><em>Forstmaschinen<\/em> erhebt unter anderem folgende Daten:<\/p><ul><li><p>Vor- und Nachname<\/p><\/li><li><p>Geschlecht<\/p><\/li><li><p>Adresse<\/p><\/li><li><p>E-Mail-Adresse<\/p><\/li><li><p>Telefonnummer<\/p><\/li><li><p>Kreditkartennummer<\/p><\/li><\/ul><p>Bitte beachten Sie, dass diese Liste nicht vollst\u00e4ndig ist und sich ohne vorherige Ank\u00fcndigung \u00e4ndern kann.<\/p><ol start=\"2\"><li><strong>Nicht personenbezogene Daten <\/strong><\/li><\/ol><p>Im Sinne dieser Richtlinie bezeichnet der Begriff \u201enicht personenbezogene Daten\u201c anonyme Informationen, die typischerweise von Webservern erfasst werden, wie z. B. die Internetprotokolladresse (IP-Adresse), Datum und Uhrzeit des Zugriffs sowie das Betriebssystem und den Browser des Nutzers. Demografische Statistiken \u00fcber unsere Besucher (Altersgruppe, Land, Kommunikationssprache usw.) und deren Surfgewohnheiten (aufgerufene Seiten, Anzahl der Besuche, Besuchsdauer usw.) gelten ebenfalls als nicht personenbezogene Daten. <em>Vall\u00e9e <\/em><em>Forstmaschinen <\/em>erhebt diese Daten haupts\u00e4chlich \u00fcber Cookies. Cookies sind kleine Datendateien, die ein Browser beim ersten Besuch einer Website auf der Festplatte eines Nutzers installiert. Nutzerdaten werden erhoben, damit <em>Vall\u00e9e <\/em><em>Forstmaschinen <\/em>seine Produkte und Dienstleistungen anbieten kann, sowie f\u00fcr folgende Zwecke: Werbung, Verhaltensanalyse und Statistik, Kundenkontakt, Interaktion mit externen sozialen Netzwerken und Plattformen, Registrierung und Authentifizierung, Beantwortung von Kommentaren, Remarketing und Targeting entsprechend den Besuchsgewohnheiten.<\/p><h5 style=\"margin-left: .5pt;\">Erfasste Daten<\/h5><ol><li><strong>Personenbezogene Daten<\/strong><\/li><\/ol><p><strong>Kontaktdaten<\/strong><\/p><p>Die freiwillig von Nutzern der Website <a href=\"https:\/\/valleeforestryequipment.eu\">https:\/\/valleeforestryequipment.eu<\/a> bereitgestellte Kontaktdaten k\u00f6nnen f\u00fcr folgende<\/p><p>Zwecke verwendet werden: zur Best\u00e4tigung des Eingangs einer Bestellung, zur Zusendung von Informationen \u00fcber die Produkte und Dienstleistungen unseres Unternehmens, zur Kontaktaufnahme bei Bedarf, zur Erfassung der Bed\u00fcrfnisse und zur Ermittlung der Zufriedenheit durch eine Umfrage.<\/p><ol start=\"2\"><li><strong>Nicht personenbezogene Daten<\/strong><\/li><\/ol><p><strong>Cookies<\/strong><\/p><p>Durch die Verwendung von Cookies kann <em>Vall\u00e9e <\/em><em>Forstmaschinen <\/em>Statistiken erstellen, um die Besuche auf seiner Website zu analysieren und etwa Werbung zu erstellen.<\/p><p style=\"margin: 0cm 0cm 0cm .5pt;\"><strong>Analysetool<\/strong><\/p><p>Unser Unternehmen nutzt das Zielgruppenanalysetool Google Analytics, um demografische Statistiken \u00fcber unsere Besucher und deren Surfgewohnheiten zu erhalten. Wir k\u00f6nnen diese Daten auch nutzen, um ihr Verhalten besser zu verstehen oder die Struktur unserer Website <a href=\"https:\/\/valleeforestryequipment.eu\">https:\/\/valleeforestryequipment.eu<\/a> zu verbessern. Dar\u00fcber hinaus erm\u00f6glicht uns Google Analytics die Erstellung von Profilen unserer aktuellen und potenziellen Kunden, um unser Produkt- und Serviceangebot zu verbessern. Zur Erfassung anonymer Informationen und zur Erstellung statistischer Berichte verwendet Google Analytics m\u00f6glicherweise Cookies, ohne Sie jedoch pers\u00f6nlich zu identifizieren.<\/p><p style=\"margin-left: .5pt;\"><strong>Werbung und Remarketing<\/strong><\/p><p>Unser Unternehmen nutzt Google Ads und Facebook Ads, um seine Produkte und Dienstleistungen in Suchmaschinen zu bewerben und die Besuche auf seiner Website <a href=\"https:\/\/valleeforestryequipment.eu\">https:\/\/valleeforestryequipment.eu<\/a> zu erh\u00f6hen. Diese Tools nutzen Cookies und andere Technologien, um Daten zu erfassen und zu analysieren, die Popularit\u00e4t von Inhalten zu bewerten, die OnlineAktivit\u00e4ten der Nutzer besser zu verstehen und zielgerichtete Werbung (unter anderem basierend auf Interessen, Website-<\/p><p>Besuchen und demografischen Daten) auszuliefern. Durch die Nutzung von Google Ads und Facebook Ads kann <em>Vall\u00e9e <\/em><em>Forstmaschinen<\/em> seine Marketingpraktiken besser an die Bed\u00fcrfnisse seiner Kunden angleichen und ihnen gezielt Werbung anzeigen, die f\u00fcr sie von Interesse sein k\u00f6nnte.<\/p><p style=\"margin-left: .5pt;\"><strong>Cookies deaktivieren<\/strong><\/p><p>Jeder Nutzer kann die Verwendung von Cookies durch Google aktivieren oder deaktivieren. Besuchen Sie dazu die folgende Adresse: <a href=\"https:\/\/support.google.com\/accounts\/answer\/61416?hl=de\" target=\"_blank\" rel=\"noopener nofollow\">https:\/\/support.google.com\/accounts\/answer\/61416?hl=de<\/a><\/p><p>Sie k\u00f6nnen interessengerichtete oder demografische Anzeigen auf Google auch im Anzeigenvorgaben-Manager deaktivieren. Wenn Sie das tun, werden Anzeigen zwar weiterhin gezeigt, sie stehen aber in der Regel nicht mehr im Kontext mit Ihren Benutzereigenschaften, Ihren Interessen, demografischen Merkmalen oder den von Ihnen besuchten Websites.<\/p><p><strong>Kommentare<\/strong><\/p><p>Wenn Besucher Kommentare auf der Website hinterlassen, erfassen wir diese \u00fcber die im Kommentarformular erhobenen Daten sowie die IP-Adresse des Besuchers, zum Schutz vor Spam.<\/p><p><strong>Medien<\/strong><\/p><p>Wenn Sie Bilder auf die Website hochladen, empfehlen wir Ihnen, keine Bilder mit eingebetteten Standortinformationen (EXIF GPS) hochzuladen. Unsere Website erlaubt Ihnen, Standortinformationen aus Bildern zu extrahieren.<\/p><p><strong>Cookies<\/strong><\/p><p>Wenn Sie einen Kommentar auf der Website hinterlassen, k\u00f6nnen Sie der Verwendung von Cookies zustimmen, wenn Sie Ihren<\/p><p>Namen, Ihre E-Mail-Adresse und Ihre Webadresse eingeben. Diese Cookies dienen der Benutzerfreundlichkeit, damit Sie Ihre Daten beim Schreiben eines weiteren Kommentars nicht erneut eingeben m\u00fcssen. Diese Cookies werden ein (1) Jahr lang gespeichert. Wenn Sie ein Konto haben und sich dort anmelden, erstellen wir ein tempor\u00e4res Cookie, um festzustellen, ob Ihr Browser Cookies akzeptiert. Dieses Cookie enth\u00e4lt keine personenbezogenen Daten und wird gel\u00f6scht, wenn Sie Ihren Browser schlie\u00dfen. Wenn Sie sich auf der Website anmelden, erstellen wir mehrere Cookies, um Ihre Anmeldeinformationen und Ihre Anzeigeeinstellungen zu speichern. Anmelde-Cookies werden zwei (2) Tage und Cookies f\u00fcr Anzeigeeinstellungen ein (1) Jahr lang gespeichert. Wenn Sie die Option \u201eAngemeldet bleiben\u201c w\u00e4hlen, werden Ihre Anmeldeinformationen zwei (2) Wochen lang gespeichert. Wenn Sie sich von Ihrem Konto abmelden, werden die Anmelde-Cookies automatisch gel\u00f6scht.<\/p><p style=\"margin-left: .5pt;\"><strong>Inhalte aus externen Quellen<\/strong><\/p><p>Einige Artikel auf dieser Website enthalten m\u00f6glicherweise Inhalte aus externen Quellen (Videos, Bilder, Artikel usw.). Inhalte aus externen Quellen verhalten sich so, als h\u00e4tte der Besucher sie auf jener Website angesehen, auf die die Quellen verweisen. Diese Websites k\u00f6nnen Daten \u00fcber Sie sammeln, Cookies verwenden und wiederum Inhalte von Drittanbietern nutzen. Sie k\u00f6nnen Ihre Interaktionen mit diesen externen Inhalten \u00fcberwachen, einschlie\u00dflich der Verfolgung Ihrer Interaktionen mit den externen Inhalten, wenn Sie ein Konto auf dieser Website besitzen und angemeldet sind.<\/p><p style=\"margin-left: .5pt;\"><strong>Aufbewahrungsfrist Ihrer Daten<\/strong><\/p><p>Ihre personenbezogenen Daten werden nur f\u00fcr den Zeitraum gespeichert, der dem Zweck der Erhebung entspricht, es sei denn, eine l\u00e4ngere Aufbewahrungsfrist ist gesetzlich vorgeschrieben oder zul\u00e4ssig.<\/p><p style=\"margin-left: .5pt;\"><strong>Weitergabe Ihrer Daten<\/strong><\/p><p>Alle von Nutzern unserer Website bereitgestellten Informationen, ob personenbezogen oder nicht, bleiben vertraulich. Jeder<\/p><p>Mitarbeiter unseres Unternehmens ist an diese Datenschutzrichtlinien gebunden. Die Nutzung dieser Daten ist <em>Vall\u00e9e <\/em><\/p><p><em>Forstmaschinen<\/em>\u00a0 sowie seinen Lieferanten und Partnern vorbehalten, jenen, mit denen das Unternehmen Gesch\u00e4ftsbeziehungen unterh\u00e4lt. Informationen werden nur dann an diese weitergegeben, wenn <em>Vall\u00e9e <\/em><em>Forstmaschinen<\/em> dies f\u00fcr die Bereitstellung seiner Produkte und Dienstleistungen f\u00fcr notwendig erachtet. In allen anderen F\u00e4llen ist eine Weitergabe Ihrer Daten an Dritte nicht gestattet. Sollte <em>Vall\u00e9e <\/em><em>Forstmaschinen<\/em> personenbezogene Daten an Dritte weitergeben m\u00fcssen, deren Dienste nicht von <em>Vall\u00e9e <\/em><em>Forstmaschinen<\/em> in Anspruch genommen wurden, werden Sie vorab schriftlich informiert. Nur mit Ihrer ausdr\u00fccklichen Zustimmung ist diese Weitergabe zul\u00e4ssig.<\/p><p style=\"margin-left: .5pt;\"><strong>Ihre Rechte hinsichtlich der Verwendung Ihrer personenbezogenen Daten<\/strong><\/p><p>Wenn Sie ein Konto auf dieser Website besitzen oder Kommentare hinterlassen haben, k\u00f6nnen Sie eine Datei mit allen \u00fcber Sie gesammelten Informationen anfordern, einschlie\u00dflich der von unserer Website erfassten Informationen. Sie k\u00f6nnen die L\u00f6schung aller von uns gespeicherten personenbezogenen Daten verlangen. Ausgenommen hiervon sind Daten, die zu administrativen, rechtlichen oder Sicherheitszwecken erhoben wurden.<\/p><p><strong>Wohin wir Ihre Daten senden <\/strong><\/p><p>Besucherkommentare k\u00f6nnen durch einen automatisierten Spam-Erkennungsdienst \u00fcberpr\u00fcft werden.<\/p><h5 style=\"margin: 0cm 0cm 13.4pt .5pt;\">Zus\u00e4tzliche Informationen<\/h5><p><strong>Schutz Ihrer Daten<\/strong><\/p><p>Wir unternehmen s\u00e4mtliche Anstrengungen, um die Sicherheit der von den Nutzern unserer Website bereitgestellten personenbezogenen Daten zu gew\u00e4hrleisten. Unser Techniker stellt die Funktionalit\u00e4t des Servers und der f\u00fcr unsere Website verwendeten Formulare sicher. Dar\u00fcber hinaus hat <em>Vall\u00e9e <\/em><em>Forstmaschinen<\/em> geeignete Sicherheitsma\u00dfnahmen ergriffen, um<\/p><p>seine Kunden vor dem Verlust oder der unbefugten Nutzung ihrer personenbezogenen Daten, einschlie\u00dflich Kreditkartendaten, zu sch\u00fctzen.<\/p><p><strong>Erhebung und Nutzung von Daten durch Dritte<\/strong><\/p><p>Einige nicht personenbezogene Daten gem\u00e4\u00df Abschnitt 4b) k\u00f6nnen von Dritten erhoben werden.<\/p><p><strong>Statistiken<\/strong><\/p><p>Um Informationen \u00fcber seine Nutzer und deren Surfgewohnheiten zu sammeln, nutzt <em>Vall\u00e9e <\/em><em>Forstmaschinen <\/em>Statistiken von<\/p><p>Google Analytics. Werden diese Informationen f\u00fcr private Zwecke von <em>Vall\u00e9e <\/em><em>Forstmaschinen <\/em>verwendet, unterliegen sie dieser Richtlinie. Google Analytics kann jedoch Daten f\u00fcr eigene Zwecke erheben. In diesem Fall werden Ihre Daten gem\u00e4\u00df der Datenschutzrichtlinie von Google Analytics erhoben, verwendet und gesch\u00fctzt.<\/p><p style=\"margin-left: .5pt;\"><strong>Werbung und Remarketing<\/strong><\/p><p>Um Werbung zu erstellen, nutzt <em>Vall\u00e9e <\/em><em>Forstmaschinen <\/em>die Tools Google Ads und Facebook Ads. Werden die von diesem Dienst bereitgestellten Informationen f\u00fcr private Zwecke unseres Unternehmens verwendet, unterliegen sie dieser Richtlinie. Google Ads und Facebook Ads k\u00f6nnen jedoch Daten f\u00fcr eigene Zwecke erheben. In diesem Fall werden Ihre Daten gem\u00e4\u00df der jeweiligen Richtlinien erhoben, verwendet und gesch\u00fctzt: Facebook-Datenschutzrichtlinie \u2013 Google-Datenschutzrichtlinie.<\/p><p style=\"margin: 0cm 0cm 5.6pt .5pt;\"><strong>Widerruf und Korrektion Ihrer personenbezogenen Daten<\/strong><\/p><p>Pascal Vall\u00e9e ist Datenschutzbeauftragter bei <em>Vall\u00e9e <\/em><em>Forstmaschinen<\/em>. Um Ihren Namen aus den elektronischen<\/p><p>Teilnehmerlisten von <em>Vall\u00e9e <\/em><em>Forstmaschinen<\/em> zu entfernen oder die von Ihnen angegebenen personenbezogenen Daten zu \u00e4ndern, senden Sie Ihre Anfrage bitte per E-Mail an <a href=\"mailto:info@valleeforestryequipment.com\">info@valleeforestryequipment.com<\/a>.<\/p><p style=\"margin-left: .5pt;\"><strong>Aktualisierungen der oben genannten Richtlinie<\/strong><\/p><p>Wir k\u00f6nnen den Inhalt dieser Datenschutzrichtlinie jederzeit \u00e4ndern. Wir empfehlen Ihnen daher, sie regelm\u00e4\u00dfig zu lesen, um \u00fcber unsere Verarbeitung personenbezogener Daten informiert zu bleiben.<\/p><p><em>Diese Version wurde am 8. Februar 2024 aktualisiert.<\/em><\/p><p style=\"margin: 0cm 0cm 5.45pt .5pt;\"><strong>Fragen und Kommentare<\/strong><\/p><p>Unser Unternehmen nimmt gerne Ihre Informationsanfragen, Vorschl\u00e4ge oder Kommentare zu dieser Datenschutzrichtlinie entgegen. Sie k\u00f6nnen uns jederzeit per E-Mail unter <a href=\"mailto:info@valleeforestryequipment.com\">info@valleeforestryequipment.com<\/a> kontaktieren.<\/p>\t\t\t\t\t\t\t\t<\/div>\n\t\t\t\t<\/div>\n\t\t\t\t\t<\/div>\n\t\t\t\t<\/div>\n\t\t\t\t<\/div>\n\t\t","protected":false},"excerpt":{"rendered":"<p>Anwendung der Datenschutzrichtlinie Diese Richtlinie regelt, wie Vall\u00e9e Forstmaschinen die freiwillig von Nutzern der Website bereitgestellten und automatisch vom Webserver \u00fcbermittelten Informationen sammelt, verwendet und sch\u00fctzt. Diese Richtlinie gilt f\u00fcr die gesamte Website https:\/\/valleeforestryequipment.eu sowie f\u00fcr die von Vall\u00e9e Forstmaschinen angebotenen Produkte und Dienstleistungen. Sie erl\u00e4utert au\u00dferdem, wie Sie Ihre personenbezogenen Daten \u00fcberpr\u00fcfen oder aktualisieren [&hellip;]<\/p>\n","protected":false},"author":1,"featured_media":5790,"parent":0,"menu_order":0,"comment_status":"closed","ping_status":"closed","template":"","meta":{"_acf_changed":false,"footnotes":""},"class_list":["post-6720","page","type-page","status-publish","has-post-thumbnail","hentry"],"acf":[],"_links":{"self":[{"href":"https:\/\/valleeforestryequipment.eu\/de\/wp-json\/wp\/v2\/pages\/6720","targetHints":{"allow":["GET"]}}],"collection":[{"href":"https:\/\/valleeforestryequipment.eu\/de\/wp-json\/wp\/v2\/pages"}],"about":[{"href":"https:\/\/valleeforestryequipment.eu\/de\/wp-json\/wp\/v2\/types\/page"}],"author":[{"embeddable":true,"href":"https:\/\/valleeforestryequipment.eu\/de\/wp-json\/wp\/v2\/users\/1"}],"replies":[{"embeddable":true,"href":"https:\/\/valleeforestryequipment.eu\/de\/wp-json\/wp\/v2\/comments?post=6720"}],"version-history":[{"count":10,"href":"https:\/\/valleeforestryequipment.eu\/de\/wp-json\/wp\/v2\/pages\/6720\/revisions"}],"predecessor-version":[{"id":6748,"href":"https:\/\/valleeforestryequipment.eu\/de\/wp-json\/wp\/v2\/pages\/6720\/revisions\/6748"}],"wp:featuredmedia":[{"embeddable":true,"href":"https:\/\/valleeforestryequipment.eu\/de\/wp-json\/wp\/v2\/media\/5790"}],"wp:attachment":[{"href":"https:\/\/valleeforestryequipment.eu\/de\/wp-json\/wp\/v2\/media?parent=6720"}],"curies":[{"name":"wp","href":"https:\/\/api.w.org\/{rel}","templated":true}]}}