{"id":6738,"date":"2024-11-07T14:03:37","date_gmt":"2024-11-07T19:03:37","guid":{"rendered":"https:\/\/valleeforestryequipment.eu\/termes-et-conditions-dutilisation\/"},"modified":"2025-08-29T11:28:04","modified_gmt":"2025-08-29T15:28:04","slug":"nutzungsbedingungen","status":"publish","type":"page","link":"https:\/\/valleeforestryequipment.eu\/de\/nutzungsbedingungen\/","title":{"rendered":"Nutzungsbedingungen"},"content":{"rendered":"\t\t<div data-elementor-type=\"wp-page\" data-elementor-id=\"6738\" class=\"elementor elementor-6738 elementor-2430\" data-elementor-post-type=\"page\">\n\t\t\t\t<div class=\"elementor-element elementor-element-72a9356 e-flex e-con-boxed e-con e-parent\" data-id=\"72a9356\" data-element_type=\"container\" data-e-type=\"container\" data-settings=\"{&quot;background_background&quot;:&quot;classic&quot;}\">\n\t\t\t\t\t<div class=\"e-con-inner\">\n\t\t\t\t<div class=\"elementor-element elementor-element-b18eac1 elementor-widget elementor-widget-heading\" data-id=\"b18eac1\" data-element_type=\"widget\" data-e-type=\"widget\" data-widget_type=\"heading.default\">\n\t\t\t\t<div class=\"elementor-widget-container\">\n\t\t\t\t\t<h3 class=\"elementor-heading-title elementor-size-default\">Nutzungsbedingungen<\/h3>\t\t\t\t<\/div>\n\t\t\t\t<\/div>\n\t\t\t\t\t<\/div>\n\t\t\t\t<\/div>\n\t\t<div class=\"elementor-element elementor-element-857103b e-flex e-con-boxed e-con e-parent\" data-id=\"857103b\" data-element_type=\"container\" data-e-type=\"container\">\n\t\t\t\t\t<div class=\"e-con-inner\">\n\t\t\t\t<div class=\"elementor-element elementor-element-53f2ae7 elementor-widget elementor-widget-text-editor\" data-id=\"53f2ae7\" data-element_type=\"widget\" data-e-type=\"widget\" data-widget_type=\"text-editor.default\">\n\t\t\t\t<div class=\"elementor-widget-container\">\n\t\t\t\t\t\t\t\t\t<p>Diese Website, das H\u00e4ndlerportal sowie unsere Social-Media-Seiten und -Konten (fortfolgend \u201eWebsites\u201c genannt) sind Eigentum von Pascal International Inc., eingetragen unter dem Namen <em>Vall\u00e9e <\/em><em>Forstmaschinen<\/em>. Die Nutzung der Websites unterliegt den folgenden Nutzungsbedingungen sowie allen geltenden kanadischen und ausl\u00e4ndischen Gesetzen. Dar\u00fcber hinaus k\u00f6nnen bei der Nutzung bestimmter auf den Websites angebotener Dienste gegebenenfalls weitere<\/p>\n<p>Nutzungsbedingungen gelten. Durch den Zugriff auf die Websites und das Durchsuchen der Websites akzeptieren Sie diese Bedingungen uneingeschr\u00e4nkt und vorbehaltlos. Sollten Sie mit diesen Bedingungen nicht einverstanden sein, nutzen Sie die Websites bitte nicht.<\/p>\n<p>Die Websites werden von <em>Vall\u00e9e <\/em><em>Forstmaschinen <\/em>mit Sitz in Saint-Denis-de-Brompton, Provinz Quebec, kontrolliert und betrieben. Diese Nutzungsbedingungen unterliegen den Gesetzen der Provinz Quebec und den geltenden Gesetzen Kanadas, unter Ausschluss des Kollisionsrechts. Sie erkl\u00e4ren sich damit einverstanden, an diese Gesetze gebunden zu sein und sich hinsichtlich der Auslegung oder Anwendung dieser Nutzungsbedingungen der Gerichtsbarkeit der Gerichte der Provinz Quebec zu unterwerfen.<\/p>\n<p><em>Vall\u00e9e <\/em><em>Forstmaschinen <\/em>\u00fcbernimmt keine Gew\u00e4hr f\u00fcr die Relevanz oder Verf\u00fcgbarkeit der auf den Websites angezeigten Inhalte. Es liegt in Ihrer Verantwortung sicherzustellen, dass Sie rechtm\u00e4\u00dfigen Zugriff auf die Websites haben und dass die auf den oder \u00fcber die Websites verf\u00fcgbaren Materialien in jedem Rechtsraum, von dem aus Sie auf die Websites zugreifen oder sie betrachten, rechtm\u00e4\u00dfig sind.<\/p>\n<p><em>Vall\u00e9e <\/em><em>Forstmaschinen <\/em>beh\u00e4lt sich das Recht vor, die Nutzungsbedingungen und\/oder Ihr Recht zur Nutzung der Websites jederzeit ohne Angabe von Gr\u00fcnden oder Benachrichtigung und nach eigenem Ermessen zu k\u00fcndigen. Das Unternehmen beh\u00e4lt sich au\u00dferdem das Recht vor, im Falle eines Versto\u00dfes eines Nutzers gegen die Nutzungsbedingungen dieser Websites gegebenenfalls alle gesetzlich verf\u00fcgbaren Rechtsmittel zu ergreifen.<\/p>\n<p>Sie verpflichten sich, auf den Websites keine Informationen oder Inhalte zu ver\u00f6ffentlichen, die f\u00fcr andere sch\u00e4dlich sein k\u00f6nnten. Auch d\u00fcrfen diese Inhalte oder Informationen weder wissentlich noch unwissentlich Fehler oder M\u00e4ngel enthalten. Sie verpflichten sich au\u00dferdem, den normalen Betrieb der Websites nicht zu st\u00f6ren oder zu versuchen, ihn zu st\u00f6ren.<\/p>\n<p><em>Vall\u00e9e <\/em><em>Forstmaschinen <\/em>kann nach eigenem Ermessen jegliches auf der Website verf\u00fcgbare Material, einschlie\u00dflich Links von Dritten, verschieben, ablehnen oder entfernen. Ohne Einschr\u00e4nkung der Allgemeing\u00fcltigkeit des Vorangehenden kann <em>Vall\u00e9e <\/em><em>Forstmaschinen <\/em>jegliches Material entfernen, das gegen seine Richtlinien verst\u00f6\u00dft oder anderweitig inakzeptabel ist.<\/p>\n<p><em>Vall\u00e9e <\/em><em>Forstmaschinen <\/em>kann den Zugriff auf alle oder Teile der Websites jederzeit aus beliebigem Grund und ohne vorherige<\/p>\n<p>Ank\u00fcndigung \u00e4ndern bzw. vor\u00fcbergehend oder dauerhaft sperren. Auch kann <em>Vall\u00e9e <\/em><em>Forstmaschinen <\/em>Elemente, Merkmale oder<\/p>\n<p>Funktionen der Websites jederzeit und ohne vorherige Ank\u00fcndigung \u00e4ndern. <em>Vall\u00e9e <\/em><em>Forstmaschinen<\/em> kann den Zugriff auf die Websites oder Teile der Websites ohne vorherige Ank\u00fcndigung verweigern, wenn unerwartete technische Probleme auftreten<\/p>\n<p>oder <em>Vall\u00e9e <\/em><em>Forstmaschinen <\/em>der Ansicht ist, dass Ihr Verhalten oder Ihre Aktivit\u00e4ten gegen diese Allgemeinen Gesch\u00e4ftsbedingungen bzw. andere geltende Bedingungen, gegen die Rechte von <em>Vall\u00e9e <\/em><em>Forstmaschinen<\/em> oder Dritten versto\u00dfen oder anderweitig unangemessen sind. <em>Vall\u00e9e <\/em><em>Forstmaschinen <\/em>haftet weder Ihnen noch Dritten gegen\u00fcber f\u00fcr \u00c4nderungen, Aussetzungen oder Einstellung der Websites.<\/p>\n<p><strong>Garantieausschluss<\/strong><\/p>\n<p>Alle Dienste, Inhalte und Informationen auf den Websites werden \u201ewie besehen\u201c oder \u201ewie verf\u00fcgbar\u201c ohne jegliche Gew\u00e4hr bereitgestellt. <em>Vall\u00e9e <\/em><em>Forstmaschinen<\/em>, seine Lizenzgeber, leitende Angestellte, Direktoren, Vertreter, Tochtergesellschaften, Mitarbeiter, Partner, Rechtsnachfolger und Bevollm\u00e4chtigte lehnen alle schriftlichen oder m\u00fcndlichen, satzungsgem\u00e4\u03b2en, ausdr\u00fccklichen als auch stillschweigenden Gew\u00e4hrleistungen oder Bedingungen ab, einschlie\u00dflich, aber nicht ausschlie\u03b2lich, jener f\u00fcr die Zusicherung allgemeiner Gebrauchstauglichkeit oder Eignung f\u00fcr einen bestimmten Zweck, f\u00fcr die Nichtverletzung von geistigem Eigentum oder Rechten Dritter sowie f\u00fcr die Richtigkeit oder Vollst\u00e4ndigkeit der auf diesen Websites angezeigten Informationen. <em>Vall\u00e9e <\/em><em>Forstmaschinen <\/em>lehnt ausdr\u00fccklich jegliche Haftung f\u00fcr Fehler oder Auslassungen in den Informationen auf den Websites ab.<\/p>\n<p><em>Vall\u00e9e <\/em><em>Forstmaschinen <\/em>\u00fcbernimmt weder Gew\u00e4hr f\u00fcr die Funktionalit\u00e4t oder den Zustand der Websites, f\u00fcr ihre<\/p>\n<p>Zwecktauglichkeit und Funktionssicherheit, noch f\u00fcr die Verf\u00fcgbarkeit von Inhalten und Informationen auf den Websites oder die Nichtverletzung von Eigentumsrechten. <em>Vall\u00e9e <\/em><em>Forstmaschinen <\/em>\u00fcbernimmt keine Gew\u00e4hr f\u00fcr eine kontinuierliche oder fehlerfreie Nutzung der Websites.<\/p>\n<p><em>Vall\u00e9e <\/em><em>Forstmaschinen <\/em>sieht sich nicht verpflichtet, Texte, Bilder, Illustrationen, Fotos, Audioclips, Videos oder ausf\u00fchrbare Dateien, Informationen, Produkte oder Dienstleistungen auf den Websites oder Teile von ihnen zu aktualisieren, genauso wenig wie die auf den Websites verf\u00fcgbare Software und Codes. Auch f\u00fcr die Aktualisierung der Darstellung der Inhalte, respektive der auf den Websites enthaltenen Kunden- und H\u00e4ndlerinhalte (fortfolgend \u201eInhalte\u201c genannt) \u00fcbernimmt die Firma keine Verpflichtung. S\u00e4mtliche Inhalte der Websites k\u00f6nnen ohne vorherige Ank\u00fcndigung ge\u00e4ndert werden. <em>Vall\u00e9e <\/em><em>Forstmaschinen <\/em>ist nicht verantwortlich f\u00fcr Inhalte oder Informationen, die Sie als unerw\u00fcnscht oder anst\u00f6\u00dfig erachten.<\/p>\n<p>Obwohl <em>Vall\u00e9e <\/em><em>Forstmaschinen <\/em>die auf den Websites angezeigten Inhalte von Zeit zu Zeit aktualisieren kann, \u00fcbernimmt das<\/p>\n<p>Unternehmen keine Haftung oder Garantie daf\u00fcr, dass diese bzw. jegliche \u00fcber die Websites zug\u00e4nglichen Informationen oder Inhalte korrekt, vollst\u00e4ndig, verl\u00e4sslich, frei von Fehlern, M\u00e4ngeln, Viren oder anderen sch\u00e4dlichen Komponenten sind oder dass festgestellte Probleme behoben werden.<\/p>\n<p><em>Vall\u00e9e <\/em><em>Forstmaschinen<\/em>, seine Lizenzgeber, leitenden Angestellten, Direktoren, Vertreter, Tochtergesellschaften, Mitarbeiter, Partner, Rechtsnachfolger und Bevollm\u00e4chtigten lehnen jegliche Gew\u00e4hr in Bezug auf die auf den Sites beworbenen oder \u00fcber Links auf den Sites erhaltenen Produkte, Informationen oder Ratschl\u00e4ge ab.<\/p>\n<p><em>Vall\u00e9e <\/em><em>Forstmaschinen <\/em>kontrolliert weder die Qualit\u00e4t, Sicherheit oder Rechtm\u00e4\u00dfigkeit der auf oder \u00fcber Websites von<\/p>\n<p>Drittanbietern oder Werbetreibenden verf\u00fcgbaren Materialien noch die Richtigkeit, Genauigkeit oder Rechtm\u00e4\u00dfigkeit deren<\/p>\n<p>Inhalte. Ebenso stehen die Verf\u00fcgbarkeiten oder die technische M\u00f6glichkeiten der Websites von Drittanbietern oder Werbetreibenden au\u03b2erhalb der Kontrolle von <em>Vall\u00e9e <\/em><em>Forstmaschinen<\/em>. Die auf diesen Websites angebotenen Dienste stellen weder ein Angebot noch ein Versprechen zum Verkauf eines bestimmten Produkts zu einem bestimmten Preis dar, noch ein Angebot oder ein Versprechen, dass ein Werbetreibender ein Produkt oder eine Dienstleistung zu einem bestimmten Zweck, Preis oder unter irgendwelchen Bedingungen verkaufen wird. <em>Vall\u00e9e <\/em><em>Forstmaschinen<\/em> \u00fcbernimmt keine Garantie f\u00fcr Preise, Bedingungen, Produkte, Verf\u00fcgbarkeit und\/oder Dienstleistungen eines Werbetreibenden.<\/p>\n<p>Sie \u00fcbernehmen die alleinige Verantwortung f\u00fcr den Abruf und die Nutzung s\u00e4mtlicher auf den Websites angezeigter Inhalte. Verlassen Sie sich auf Ihr eigenes Urteilsverm\u00f6gen, insbesondere bei der Verwendung von Informationen zur Bildung von Schlussfolgerungen.<\/p>\n<p><strong>Urheberrecht<\/strong><\/p>\n<p>Alle Inhalte der Websites unterliegen kanadischem und ausl\u00e4ndischem Gesetz, einschlie\u00dflich des Urheberrechts, und sind alleiniges Eigentum von <em>Vall\u00e9e <\/em><em>Forstmaschinen<\/em>. Durch die Nutzung der Websites erkl\u00e4ren Sie sich damit einverstanden, Inhalte ohne ausdr\u00fcckliche Genehmigung von <em>Vall\u00e9e <\/em><em>Forstmaschinen <\/em>weder ganz noch teilweise zu kopieren, zu reproduzieren, erneut zu ver\u00f6ffentlichen, neu zu formatieren, herunterzuladen, zu posten, weiterzuleiten oder anderweitig zu verteilen, ein Plagiat zu erstellen, ganz oder teilweise zu ver\u00e4ndern, zu transferieren oder zu verkaufen. Alle Inhalte der Websites sind ausschlie\u00dfliches Eigentum von <em>Vall\u00e9e <\/em><em>Forstmaschinen<\/em>, unabh\u00e4ngig davon, ob es sich um eine eingetragene Marke handelt oder nicht.<\/p>\n<p>Die auf den Websites angezeigten Marken, Logos und Dienstleistungsmarken (fortfolgend \u201eMarken\u201c genannt) sind eingetragene oder nicht eingetragene Marken von <em>Vall\u00e9e <\/em><em>Forstmaschinen <\/em>oder Eigentum Dritter. Sie sind Eigentum ihrer jeweiligen Inhaber und d\u00fcrfen ohne deren schriftliche Genehmigung nicht verwendet werden. Alle Informationen oder Inhalte auf den Websites, die gem\u00e4\u00df diesen Allgemeinen Gesch\u00e4ftsbedingungen reproduziert werden d\u00fcrfen, m\u00fcssen die Eigentumsrechtshinweise tragen, die urspr\u00fcnglich auf &#8211; oder in Verbindung mit &#8211; diesen Informationen oder Elementen erschienen sind.<\/p>\n<p><strong>Haftungsbeschr\u00e4nkung<\/strong><\/p>\n<p><em>Vall\u00e9e <\/em><em>Forstmaschinen<\/em>, seine Lizenzgeber, leitenden Angestellten, Direktoren, Vertreter, Tochtergesellschaften, Mitarbeiter,<\/p>\n<p>Partner, Rechtsnachfolger und Zessionare haften nicht f\u00fcr direkte, indirekte, zuf\u00e4llige, Sonder- oder Folgesch\u00e4den, die im<\/p>\n<p>Zusammenhang stehen mit dem Vertrauen in die Websites, deren Nutzung oder Missbrauch, mit den dort bereitgestellten<\/p>\n<p>Inhalten und Produkten oder mit jeglicher Art von Dienstleistungen bzw. der Unm\u00f6glichkeit ihrer Nutzung. Sie haften nicht f\u00fcr Lieferverz\u00f6gerungen oder Teillieferungen, Unterbrechung oder Aussetzung von Dienstleistungen, dem Erl\u00f6schen von Rechten oder dem Verlust von Gewinnen, Daten, Gesch\u00e4ftsm\u00f6glichkeiten oder Kulanz\u2014unabh\u00e4ngig davon, ob diese Sch\u00e4den auf vertraglicher oder au\u00dfervertraglicher Haftung beruhen. <em>Vall\u00e9e <\/em><em>Forstmaschinen<\/em> ist nicht verpflichtet, Ihnen oder Dritten Schadensersatz oder anderen Rechtsbeistand zu gew\u00e4hren. Ihr einziges und ausschlie\u00dfliches Rechtsmittel besteht darin, die Nutzung und den Zugriff auf die Websites einzustellen.<\/p>\n<p><em>Vall\u00e9e <\/em><em>Forstmaschinen<\/em><em>, <\/em>seine Lizenzgeber, leitenden Angestellten, Direktoren, Vertreter, Tochtergesellschaften, Mitarbeiter, Partner, Nachfolger und Zessionare haften weder f\u00fcr die auf den Websites erscheinenden Inhalte noch f\u00fcr die dort enthaltenen Informationen, einschlie\u00dflich, aber nicht ausschlie\u00dflich, der Suchergebnisse. Weder <em>Vall\u00e9e <\/em><em>Forstmaschinen<\/em>, noch seine Lizenzgeber, leitenden Angestellten, Direktoren, Vertreter, Tochtergesellschaften, Mitarbeiter, Rechtsnachfolger, Partner oder Zessionare haften f\u00fcr Sch\u00e4den, die aus \u00fcber die Sites oder auf ihnen befindliche Links erhaltene oder auf den Sites beworbene Dienstleistungen oder Produkten entstehen. Diese Einschr\u00e4nkung gilt auch f\u00fcr die Erbringung oder Nichterbringung der auf den Sites angebotenen Dienstleistungen sowie f\u00fcr Informationen oder Waren, die auf den Sites enthalten, mit ihnen verlinkt oder auf andere Weise mit ihnen verkn\u00fcpft sind.<\/p>\n<p><em>Vall\u00e9e <\/em><em>Forstmaschinen<\/em>, seine Lizenzgeber, leitenden Angestellten, Direktoren, Vertreter, Tochtergesellschaften, Mitarbeiter, Nachfolgepartner und Zessionare haften nicht f\u00fcr das Vers\u00e4umnis, Informationen oder Inhalte auf den Sites zu speichern, rechtzeitig oder anderweitig zu liefern, zu bearbeiten, bereitzustellen oder zu entfernen.<\/p>\n<p>In keinem Fall haften <em>Vall\u00e9e <\/em><em>Forstmaschinen<\/em>, seine Lizenzgeber, leitenden Angestellten, Direktoren, Vertreter,<\/p>\n<p>Tochtergesellschaften, Mitarbeiter, Partner, Rechtsnachfolger und Zessionare f\u00fcr Sch\u00e4den oder Verluste, gleich ob indirekt oder infolge h\u00f6herer Gewalt oder jeglichen anderen Falles, der eindeutig au\u00dferhalb seiner Kontrolle liegt, einschlie\u00dflich und ohne Beschr\u00e4nkung der Allgemeinheit des Vorangehenden, f\u00fcr Internet- oder Computerausf\u00e4lle, Telekommunikations- und Stromausf\u00e4lle, Viren, Datenbesch\u00e4digung, \u00dcbertragungsfehler oder -probleme, Nichtverf\u00fcgbarkeit von Ger\u00e4ten oder<\/p>\n<p>Einrichtungen, einschlie\u00dflich Computerressourcen und gespeicherter Daten, Nutzung oder Unf\u00e4higkeit zur Nutzung der<\/p>\n<p>Websites; f\u00fcr Websites, Produkte oder Dienstleistungen von Drittanbietern, Streiks, Unruhen, Aufst\u00e4nde,<\/p>\n<p>Regierungsma\u00dfnahmen, Br\u00e4nde, \u00dcberschwemmungen, St\u00fcrme, Explosionen; f\u00fcr in- oder ausl\u00e4ndische Gerichtsbeschl\u00fcsse; Nichterf\u00fcllung von Verpflichtungen Dritter, selbst wenn <em>Vall\u00e9e <\/em><em>Forstmaschinen <\/em>auf die M\u00f6glichkeit solcher Sch\u00e4den oder Verluste hingewiesen wurde.<\/p>\n<p><em>Vall\u00e9e <\/em><em>Forstmaschinen<\/em>, seine Lizenzgeber, leitenden Angestellten, Direktoren, Vertreter, Tochtergesellschaften, Mitarbeiter, Partner, Rechtsnachfolger und Bevollm\u00e4chtigten haften nicht f\u00fcr Sch\u00e4den, die durch das Herunterladen von Informationen oder Inhalten der Websites bzw. durch den Zugriff auf diese entstehen. Sie erkl\u00e4ren sich damit einverstanden, Inhalte oder Daten \u00fcber die Websites nach eigenem Ermessen und auf eigene Gefahr herunterzuladen bzw. anderweitig zu beziehen, und \u00fcbernehmen die alleinige Verantwortung f\u00fcr Sch\u00e4den an Ihrem Computersystem oder f\u00fcr Datenverluste, die durch das Herunterladen solcher Inhalte oder Daten entstehen k\u00f6nnten.<\/p>\n<p><strong>Links zu anderen Websites<\/strong><\/p>\n<p>Links und Verweise auf andere Websites sowie Suchergebnisse, die auf den Websites erscheinen, dienen ausschlie\u00dflich der Benutzerfreundlichkeit. Websites, die als Suchergebnisse auf den Sites erscheinen, werden von Dritten entwickelt, auf die <em>Vall\u00e9e <\/em><em>Forstmaschinen <\/em>keinen Einfluss hat. Sie erkennen an, dass der Zugriff auf solche Websites auf Ihr eigenes Risiko erfolgt. <em>Vall\u00e9e <\/em><em>Forstmaschinen <\/em>bef\u00fcrwortet solche anderen Websites bzw. die Informationen oder Inhalte, die \u00fcber solche Links zug\u00e4nglich sind, oder Links, die auf einer verlinkten Website enthalten sind, weder ausdr\u00fccklich noch stillschweigend und \u00fcbernimmt keine Verantwortung f\u00fcr solche anderen Websites, weder f\u00fcr dort ver\u00f6ffentlichte Informationen oder Inhalte noch f\u00fcr angebotene Produkte oder Dienstleistungen. Die Erw\u00e4hnung einer anderen Partei oder ihrer Produkte oder<\/p>\n<p>Dienstleistungen auf den Websites darf nicht als Billigung dieser Partei oder ihrer Produkte oder Dienstleistungen ausgelegt werden.<\/p>\n<p><strong>Personenbezogene Daten<\/strong><\/p>\n<p>Die Datenschutzrichtlinie von <em>Vall\u00e9e <\/em><em>Forstmaschinen <\/em>ist Teil dieser Nutzungsbedingungen. Sie erkl\u00e4ren sich damit einverstanden, dass die Verwendung der in dieser Richtlinie beschriebenen Informationen nicht gegen Ihre Pers\u00f6nlichkeits- oder Datenschutzrechte verst\u00f6\u00dft.<\/p>\n<p>Sie erkennen an, dass alle Informationen oder Daten, die Sie <em>Vall\u00e9e <\/em><em>Forstmaschinen<\/em> durch Zugriff oder Nutzung der Websites elektronisch zur Verf\u00fcgung stellen, keine Rechte nat\u00fcrlicher oder juristischer Personen verletzen und nicht vertraulich oder urheberrechtlich gesch\u00fctzt sind, sofern dies nicht gesetzlich vorgeschrieben ist. Ungesch\u00fctzte E-Mail-Kommunikation \u00fcber das Internet kann abgefangen oder ver\u00e4ndert werden oder gar verloren gehen.<\/p>\n<p><strong>Vorbehalt von Rechten<\/strong><\/p>\n<p><em>Vall\u00e9e Forstmaschinen <\/em>beh\u00e4lt sich alle Rechte vor, die nicht ausdr\u00fccklich in diesen Nutzungsbedingungen gew\u00e4hrt werden. Diese Nutzungsbedingungen begr\u00fcnden keine Lizenz oder Rechte im Rahmen von Urheberrechten, Patenten, Marken oder anderen geistigen Eigentumsrechten des Unternehmens oder einer anderen nat\u00fcrlichen oder juristischen Person.<\/p>\n<p><strong>Salvatorische Klausel<\/strong><\/p>\n<p>Sollte eine Bestimmung dieser Allgemeinen Gesch\u00e4ftsbedingungen durch ein Urteil eines zust\u00e4ndigen Gerichts ganz oder teilweise f\u00fcr ung\u00fcltig befunden werden, bliebe nur die ung\u00fcltige Bestimmung bzw. der ung\u00fcltige Teil im gr\u00f6\u00dftm\u00f6glichen gesetzlich zul\u00e4ssigen Umfang unwirksam. Die G\u00fcltigkeit der \u00fcbrigen Bestimmungen dieser Allgemeinen Gesch\u00e4ftsbedingungen oder deren G\u00fcltigkeit in anderen Rechtsr\u00e4umen bliebe hiervon unber\u00fchrt.<\/p>\n<p><strong>Auslegung der Richtlinien<\/strong><\/p>\n<p>Die Abschnitte und \u00dcberschriften dieser Allgemeinen Gesch\u00e4ftsbedingungen dienen ausschlie\u00dflich zu Informationszwecken und haben keinen Einfluss auf die Auslegung dieser Nutzungsbedingungen.<\/p>\n<p>In diesen Allgemeinen Gesch\u00e4ftsbedingungen schlie\u00dft die m\u00e4nnliche Form die weibliche Form und die Einzahl die Mehrzahl ein, sofern der Kontext dies erfordert. Personenbezogene Begriffe beziehen sich auf Einzelpersonen, Einzelunternehmer, Personengesellschaften, Gesellschaften, Trusts und nicht rechtsf\u00e4hige Vereine.<\/p>\n<p><strong>Gesamte Vereinbarung und Verzichtserkl\u00e4rung<\/strong><\/p>\n<p>Diese Allgemeinen Gesch\u00e4ftsbedingungen und alle weiteren auf den Websites angezeigten rechtlichen Hinweise stellen die gesamte Vereinbarung zwischen Ihnen und <em>Vall\u00e9e <\/em><em>Forstmaschinen<\/em> dar und regeln Ihre Nutzung der Websites sowie der darin enthaltenen Inhalte und Dienste. F\u00fcr bestimmte Dienste k\u00f6nnen zus\u00e4tzliche Nutzungsbedingungen gelten, insbesondere wenn Sie Werbe-, H\u00e4ndler- oder andere auf den Websites angebotene Dienste abonnieren.<\/p>\n<p>Die Nichtaus\u00fcbung der Rechte von <em>Vall\u00e9e <\/em><em>Forstmaschinen<\/em> aus diesen Allgemeinen Gesch\u00e4ftsbedingungen stellt keinen Verzicht auf diese Rechte dar. Ein Verzicht auf eine Bestimmung dieser Allgemeinen Gesch\u00e4ftsbedingungen ist f\u00fcr <em>Vall\u00e9e <\/em><\/p>\n<p><em>Forstmaschinen <\/em>nur dann bindend oder wirksam, wenn er schriftlich erfolgt und von <em>Vall\u00e9e <\/em><em>Forstmaschinen<\/em> unterzeichnet ist. Ein Verzicht auf eine Bestimmung dieser Allgemeinen Gesch\u00e4ftsbedingungen stellt weder einen Verzicht auf eine andere Bestimmung dar noch einen fortdauernden Verzicht, sofern nicht ausdr\u00fccklich anders vereinbart.<\/p>\n<p><strong>Fortbestand der Bedingungen<\/strong><\/p>\n<p>Diese Allgemeinen Gesch\u00e4ftsbedingungen gelten zu Ihrem Vorteil und dem von <em>Vall\u00e9e <\/em><em>Forstmaschinen<\/em>. Sie sind f\u00fcr Sie und <em>Vall\u00e9e <\/em><em>Forstmaschinen<\/em>, f\u00fcr Ihre Rechtsnachfolger und Zessionare sowie die von <em>Vall\u00e9e <\/em><em>Forstmaschinen<\/em> verbindlich.<\/p>\n<p>Diese Nutzungsbedingungen gelten f\u00fcr die Dauer Ihres Zugriffs auf die Websites und bleiben auch danach bestehen,<\/p>\n<p>vorbehaltlich etwaiger \u00c4nderungen. Sollten Sie keinen Zugriff mehr auf die Websites haben, bleiben die Bestimmungen dieser Allgemeinen Gesch\u00e4ftsbedingungen bez\u00fcglich Gew\u00e4hrleistungsausschluss, Haftungsbeschr\u00e4nkung und Urheberrecht auch weiterhin g\u00fcltig.<\/p>\n<p><strong>\u00c4nderungen der Nutzungsbedingungen<\/strong><\/p>\n<p><em>Vall\u00e9e <\/em><em>Forstmaschinen <\/em>kann die f\u00fcr die Websites geltenden Nutzungsbedingungen von Zeit zu Zeit ohne vorherige Ank\u00fcndigung \u00e4ndern oder anderweitig aktualisieren. Sie erkl\u00e4ren sich damit einverstanden, an die zum Zeitpunkt Ihres Zugriffs auf die Websites geltenden Bedingungen gebunden zu sein.<\/p>\n<p><strong>Hinweis<\/strong><\/p>\n<p>Bei Fragen zu diesen Nutzungsbedingungen kontaktieren Sie uns bitte per E-Mail unter <a href=\"mailto:info@valleeforestryequipment.com\">info@valleeforestryequipment.com<\/a> oder per Post unter:<\/p>\n<p>Vall\u00e9e \u00c9quipement Forestier<\/p>\n<p>1825 QC-222 Saint-Denis-de-Brompton, Quebec, J0B 2P0, Kanada<\/p>\n<p>\u00a9 Vall\u00e9e \u00c9quipement Forestier, Saint-Denis-de-Brompton<\/p>\n<p>Diese Nutzungsbedingungen wurden am 31. Oktober 2024 \u00fcberarbeitet.<\/p>\t\t\t\t\t\t\t\t<\/div>\n\t\t\t\t<\/div>\n\t\t\t\t\t<\/div>\n\t\t\t\t<\/div>\n\t\t\t\t<\/div>\n\t\t","protected":false},"excerpt":{"rendered":"<p>Diese Website, das H\u00e4ndlerportal sowie unsere Social-Media-Seiten und -Konten (fortfolgend \u201eWebsites\u201c genannt) sind Eigentum von Pascal International Inc., eingetragen unter dem Namen Vall\u00e9e Forstmaschinen. Die Nutzung der Websites unterliegt den folgenden Nutzungsbedingungen sowie allen geltenden kanadischen und ausl\u00e4ndischen Gesetzen. Dar\u00fcber hinaus k\u00f6nnen bei der Nutzung bestimmter auf den Websites angebotener Dienste gegebenenfalls weitere Nutzungsbedingungen gelten. [&hellip;]<\/p>\n","protected":false},"author":1,"featured_media":5790,"parent":0,"menu_order":0,"comment_status":"closed","ping_status":"closed","template":"","meta":{"_acf_changed":false,"footnotes":""},"class_list":["post-6738","page","type-page","status-publish","has-post-thumbnail","hentry"],"acf":[],"_links":{"self":[{"href":"https:\/\/valleeforestryequipment.eu\/de\/wp-json\/wp\/v2\/pages\/6738","targetHints":{"allow":["GET"]}}],"collection":[{"href":"https:\/\/valleeforestryequipment.eu\/de\/wp-json\/wp\/v2\/pages"}],"about":[{"href":"https:\/\/valleeforestryequipment.eu\/de\/wp-json\/wp\/v2\/types\/page"}],"author":[{"embeddable":true,"href":"https:\/\/valleeforestryequipment.eu\/de\/wp-json\/wp\/v2\/users\/1"}],"replies":[{"embeddable":true,"href":"https:\/\/valleeforestryequipment.eu\/de\/wp-json\/wp\/v2\/comments?post=6738"}],"version-history":[{"count":4,"href":"https:\/\/valleeforestryequipment.eu\/de\/wp-json\/wp\/v2\/pages\/6738\/revisions"}],"predecessor-version":[{"id":6745,"href":"https:\/\/valleeforestryequipment.eu\/de\/wp-json\/wp\/v2\/pages\/6738\/revisions\/6745"}],"wp:featuredmedia":[{"embeddable":true,"href":"https:\/\/valleeforestryequipment.eu\/de\/wp-json\/wp\/v2\/media\/5790"}],"wp:attachment":[{"href":"https:\/\/valleeforestryequipment.eu\/de\/wp-json\/wp\/v2\/media?parent=6738"}],"curies":[{"name":"wp","href":"https:\/\/api.w.org\/{rel}","templated":true}]}}