{"id":6761,"date":"2024-09-11T13:42:47","date_gmt":"2024-09-11T17:42:47","guid":{"rendered":"https:\/\/valleeforestryequipment.eu\/devenir-un-detaillant\/"},"modified":"2025-08-29T11:46:30","modified_gmt":"2025-08-29T15:46:30","slug":"handler-werden","status":"publish","type":"page","link":"https:\/\/valleeforestryequipment.eu\/de\/handler-werden\/","title":{"rendered":"H\u00e4ndler werden"},"content":{"rendered":"\t\t<div data-elementor-type=\"wp-page\" data-elementor-id=\"6761\" class=\"elementor elementor-6761 elementor-302\" data-elementor-post-type=\"page\">\n\t\t\t\t<div class=\"elementor-element elementor-element-a48dde0 e-flex e-con-boxed e-con e-parent\" data-id=\"a48dde0\" data-element_type=\"container\" data-e-type=\"container\" data-settings=\"{&quot;background_background&quot;:&quot;classic&quot;}\">\n\t\t\t\t\t<div class=\"e-con-inner\">\n\t\t\t\t<div class=\"elementor-element elementor-element-01ed763 elementor-widget elementor-widget-heading\" data-id=\"01ed763\" data-element_type=\"widget\" data-e-type=\"widget\" data-widget_type=\"heading.default\">\n\t\t\t\t<div class=\"elementor-widget-container\">\n\t\t\t\t\t<h3 class=\"elementor-heading-title elementor-size-default\">H\u00e4ndler werden<\/h3>\t\t\t\t<\/div>\n\t\t\t\t<\/div>\n\t\t\t\t\t<\/div>\n\t\t\t\t<\/div>\n\t\t<div class=\"elementor-element elementor-element-a172892 e-con-full e-flex e-con e-parent\" data-id=\"a172892\" data-element_type=\"container\" data-e-type=\"container\">\n\t\t<div class=\"elementor-element elementor-element-475fadd e-con-full e-flex elementor-invisible e-con e-child\" data-id=\"475fadd\" data-element_type=\"container\" data-e-type=\"container\" data-settings=\"{&quot;background_background&quot;:&quot;slideshow&quot;,&quot;animation&quot;:&quot;fadeIn&quot;,&quot;background_slideshow_gallery&quot;:[{&quot;id&quot;:2162,&quot;url&quot;:&quot;https:\\\/\\\/valleeforestryequipment.eu\\\/wp-content\\\/uploads\\\/2024\\\/10\\\/Red-Runner-log-splitter.webp&quot;},{&quot;id&quot;:2164,&quot;url&quot;:&quot;https:\\\/\\\/valleeforestryequipment.eu\\\/wp-content\\\/uploads\\\/2024\\\/10\\\/Vallee-Little-Blue-portable-sawmill-05-copie.webp&quot;},{&quot;id&quot;:1265,&quot;url&quot;:&quot;https:\\\/\\\/valleeforestryequipment.eu\\\/wp-content\\\/uploads\\\/2024\\\/09\\\/Oregon-Log-Splitter-25-Ton-3-600x600-1.webp&quot;},{&quot;id&quot;:791,&quot;url&quot;:&quot;https:\\\/\\\/valleeforestryequipment.eu\\\/wp-content\\\/uploads\\\/2024\\\/09\\\/DSC00080-600x600-1.webp&quot;},{&quot;id&quot;:756,&quot;url&quot;:&quot;https:\\\/\\\/valleeforestryequipment.eu\\\/wp-content\\\/uploads\\\/2024\\\/09\\\/Red-Runner-Super-Deluxe-Firewood-Processor-02-600x600-1.webp&quot;}],&quot;background_slideshow_loop&quot;:&quot;yes&quot;,&quot;background_slideshow_slide_duration&quot;:5000,&quot;background_slideshow_slide_transition&quot;:&quot;fade&quot;,&quot;background_slideshow_transition_duration&quot;:500}\">\n\t\t\t\t<div class=\"elementor-element elementor-element-5b1fc57 elementor-widget elementor-widget-spacer\" data-id=\"5b1fc57\" data-element_type=\"widget\" data-e-type=\"widget\" data-widget_type=\"spacer.default\">\n\t\t\t\t<div class=\"elementor-widget-container\">\n\t\t\t\t\t\t\t<div class=\"elementor-spacer\">\n\t\t\t<div class=\"elementor-spacer-inner\"><\/div>\n\t\t<\/div>\n\t\t\t\t\t\t<\/div>\n\t\t\t\t<\/div>\n\t\t\t\t<\/div>\n\t\t<div class=\"elementor-element elementor-element-5397309 e-con-full e-flex elementor-invisible e-con e-child\" data-id=\"5397309\" data-element_type=\"container\" data-e-type=\"container\" data-settings=\"{&quot;animation&quot;:&quot;fadeIn&quot;}\">\n\t\t\t\t<div class=\"elementor-element elementor-element-31ebbe7 elementor-widget elementor-widget-heading\" data-id=\"31ebbe7\" data-element_type=\"widget\" data-e-type=\"widget\" data-widget_type=\"heading.default\">\n\t\t\t\t<div class=\"elementor-widget-container\">\n\t\t\t\t\t<h5 class=\"elementor-heading-title elementor-size-default\">Haben Sie Interesse, Teil der gro\u00dfen Vall\u00e9e-Familie zu werden?<\/h5>\t\t\t\t<\/div>\n\t\t\t\t<\/div>\n\t\t\t\t<div class=\"elementor-element elementor-element-af5825f elementor-widget elementor-widget-text-editor\" data-id=\"af5825f\" data-element_type=\"widget\" data-e-type=\"widget\" data-widget_type=\"text-editor.default\">\n\t\t\t\t<div class=\"elementor-widget-container\">\n\t\t\t\t\t\t\t\t\t<p class=\"p1\">Bei Vall\u00e9e \u00c9quipement Forestier setzen wir nicht nur auf die Qualit\u00e4t unserer Produkte, sondern auch auf die Qualit\u00e4t unserer H\u00e4ndler. Eine der Hauptst\u00e4rken unseres Unternehmens ist unser H\u00e4ndlernetzwerk, das unsere Marke und unsere Produkte in ganz Nordamerika vertritt.<\/p>\t\t\t\t\t\t\t\t<\/div>\n\t\t\t\t<\/div>\n\t\t\t\t<\/div>\n\t\t\t\t<\/div>\n\t\t<div class=\"elementor-element elementor-element-4f85f1b e-flex e-con-boxed e-con e-parent\" data-id=\"4f85f1b\" data-element_type=\"container\" data-e-type=\"container\">\n\t\t\t\t\t<div class=\"e-con-inner\">\n\t\t\t\t<div class=\"elementor-element elementor-element-8351dae elementor-widget elementor-widget-heading\" data-id=\"8351dae\" data-element_type=\"widget\" data-e-type=\"widget\" data-widget_type=\"heading.default\">\n\t\t\t\t<div class=\"elementor-widget-container\">\n\t\t\t\t\t<h3 class=\"elementor-heading-title elementor-size-default\">Die Kriterien<\/h3>\t\t\t\t<\/div>\n\t\t\t\t<\/div>\n\t\t\t\t<div class=\"elementor-element elementor-element-1f949f9 elementor-widget elementor-widget-text-editor\" data-id=\"1f949f9\" data-element_type=\"widget\" data-e-type=\"widget\" data-widget_type=\"text-editor.default\">\n\t\t\t\t<div class=\"elementor-widget-container\">\n\t\t\t\t\t\t\t\t\t<p>Hier ist ein \u00dcberblick \u00fcber die Kriterien, die das Team von Vall\u00e9e \u00c9quipement Forestier bei der Auswahl neuer Partner f\u00fcr sein H\u00e4ndlernetzwerk bewertet:<\/p><ul><li><p>Sie m\u00fcssen ein bereits etablierter H\u00e4ndler in einem \u00e4hnlichen oder verwandten Bereich zu dem sein, was wir bei Vall\u00e9e \u00c9quipement Forestier tun.<\/p><\/li><li><p>Sie m\u00fcssen den Wartungs- und Reparaturservice f\u00fcr unsere Produkte anbieten oder anbieten k\u00f6nnen.<\/p><\/li><li><p>Sie m\u00fcssen einen geografischen Standort haben, der noch nicht von einem anderen unserer H\u00e4ndler bedient wird.<\/p><\/li><li><p>Sie m\u00fcssen mindestens einen Gabelstapler besitzen.<\/p><\/li><\/ul><p>Diese Liste ist nicht ersch\u00f6pfend und Vall\u00e9e \u00c9quipement Forestier beh\u00e4lt sich das Recht vor, alle anderen Kriterien zu ber\u00fccksichtigen, die wir f\u00fcr die Auswahl unserer wertvollen Partner als relevant erachten.<\/p>\t\t\t\t\t\t\t\t<\/div>\n\t\t\t\t<\/div>\n\t\t\t\t<div class=\"elementor-element elementor-element-37092a6 elementor-widget elementor-widget-text-editor\" data-id=\"37092a6\" data-element_type=\"widget\" data-e-type=\"widget\" data-widget_type=\"text-editor.default\">\n\t\t\t\t<div class=\"elementor-widget-container\">\n\t\t\t\t\t\t\t\t\t<p class=\"p1\">F\u00fcr alle Fragen oder um H\u00e4ndler zu werden, kontaktieren Sie uns bitte unter <b>1 800-577-2722 Durchwahl 101<\/b> oder per E-Mail an <a href=\"mailto:info@valleforestryequipment.com\"><b>info@valleforestryequipment.com<\/b><\/a>.<\/p>\t\t\t\t\t\t\t\t<\/div>\n\t\t\t\t<\/div>\n\t\t\t\t\t<\/div>\n\t\t\t\t<\/div>\n\t\t\t\t<\/div>\n\t\t","protected":false},"excerpt":{"rendered":"<p>Haben Sie Interesse, Teil der gro\u00dfen Vall\u00e9e-Familie zu werden? Bei Vall\u00e9e \u00c9quipement Forestier setzen wir nicht nur auf die Qualit\u00e4t unserer Produkte, sondern auch auf die Qualit\u00e4t unserer H\u00e4ndler. Eine der Hauptst\u00e4rken unseres Unternehmens ist unser H\u00e4ndlernetzwerk, das unsere Marke und unsere Produkte in ganz Nordamerika vertritt. Die Kriterien Hier ist ein \u00dcberblick \u00fcber die [&hellip;]<\/p>\n","protected":false},"author":1,"featured_media":5557,"parent":0,"menu_order":0,"comment_status":"closed","ping_status":"closed","template":"","meta":{"_acf_changed":false,"footnotes":""},"class_list":["post-6761","page","type-page","status-publish","has-post-thumbnail","hentry"],"acf":[],"_links":{"self":[{"href":"https:\/\/valleeforestryequipment.eu\/de\/wp-json\/wp\/v2\/pages\/6761","targetHints":{"allow":["GET"]}}],"collection":[{"href":"https:\/\/valleeforestryequipment.eu\/de\/wp-json\/wp\/v2\/pages"}],"about":[{"href":"https:\/\/valleeforestryequipment.eu\/de\/wp-json\/wp\/v2\/types\/page"}],"author":[{"embeddable":true,"href":"https:\/\/valleeforestryequipment.eu\/de\/wp-json\/wp\/v2\/users\/1"}],"replies":[{"embeddable":true,"href":"https:\/\/valleeforestryequipment.eu\/de\/wp-json\/wp\/v2\/comments?post=6761"}],"version-history":[{"count":8,"href":"https:\/\/valleeforestryequipment.eu\/de\/wp-json\/wp\/v2\/pages\/6761\/revisions"}],"predecessor-version":[{"id":6774,"href":"https:\/\/valleeforestryequipment.eu\/de\/wp-json\/wp\/v2\/pages\/6761\/revisions\/6774"}],"wp:featuredmedia":[{"embeddable":true,"href":"https:\/\/valleeforestryequipment.eu\/de\/wp-json\/wp\/v2\/media\/5557"}],"wp:attachment":[{"href":"https:\/\/valleeforestryequipment.eu\/de\/wp-json\/wp\/v2\/media?parent=6761"}],"curies":[{"name":"wp","href":"https:\/\/api.w.org\/{rel}","templated":true}]}}