{"id":5756,"date":"2024-09-25T17:00:26","date_gmt":"2024-09-25T21:00:26","guid":{"rendered":"https:\/\/valleeforestryequipment.eu\/produit\/scierie-mobile-le-stone\/"},"modified":"2025-08-28T10:51:17","modified_gmt":"2025-08-28T14:51:17","slug":"stone-mobile-saegewerke","status":"publish","type":"product","link":"https:\/\/valleeforestryequipment.eu\/de\/produkt\/stone-mobile-saegewerke\/","title":{"rendered":"STONE"},"content":{"rendered":"","protected":false},"excerpt":{"rendered":"<h5 data-start=\"145\" data-end=\"308\">Yellowstone ist f\u00fcr Hobby-S\u00e4ger konzipiert, die ein mobiles S\u00e4gewerk f\u00fcr den Freizeitgebrauch suchen, ohne ihr Budget zu sprengen. Es wird vormontiert und s\u00e4gebereit geliefert!<\/h5>\n<p data-start=\"310\" data-end=\"346\"><strong data-start=\"310\" data-end=\"344\">Hauptmerkmale:<\/strong><\/p>\n<ul>\n<li data-start=\"328\" data-end=\"394\">Schnittleistung: 60 cm Durchmesser und bis zu 4,9 m L\u00e4nge<\/li>\n<li data-start=\"397\" data-end=\"448\">7,6 x 7,6 x 1,3 cm Stahlrohrrahmen<\/li>\n<li data-start=\"451\" data-end=\"492\">9-PS-Honda-Motor mit Handanlasser<\/li>\n<li data-start=\"495\" data-end=\"537\">Offroad-Anh\u00e4ngersatz im Lieferumfang enthalten<\/li>\n<li data-start=\"540\" data-end=\"616\">S\u00e4gekopfh\u00f6henverstellung und hochwertige Handwinde.<\/li>\n<\/ul>\n<p>&nbsp;<\/p>\n<h5>\ud83d\udce2\u00a0<strong>Sehen Sie unsere Produkte in Aktion!<\/strong><\/h5>\n<h6>Besuchen Sie uns auf\u00a0<strong><a href=\"https:\/\/www.facebook.com\/ValleeEquipementForestier\/\">Facebook<\/a><\/strong>, folgen Sie uns auf\u00a0<strong><a href=\"https:\/\/www.instagram.com\/valleeforestryequipment\/\">Instagram<\/a><\/strong>\u00a0oder abonnieren Sie unseren\u00a0<strong><a href=\"https:\/\/www.youtube.com\/@ValleeForestryEquipment\">YouTube-Kanal<\/a><\/strong> um das mobile S\u00e4gewerk in Aktion zu sehen und \u00fcber unsere Neuigkeiten auf dem Laufenden zu bleiben!<\/h6>\n","protected":false},"featured_media":7418,"template":"","meta":{"_acf_changed":false},"product_brand":[],"product_cat":[366],"product_tag":[],"class_list":{"0":"post-5756","1":"product","2":"type-product","3":"status-publish","4":"has-post-thumbnail","6":"product_cat-vallee-mobile-saegewerke","8":"first","9":"instock","10":"taxable","11":"shipping-taxable","12":"purchasable","13":"product-type-simple"},"acf":[],"_links":{"self":[{"href":"https:\/\/valleeforestryequipment.eu\/de\/wp-json\/wp\/v2\/product\/5756","targetHints":{"allow":["GET"]}}],"collection":[{"href":"https:\/\/valleeforestryequipment.eu\/de\/wp-json\/wp\/v2\/product"}],"about":[{"href":"https:\/\/valleeforestryequipment.eu\/de\/wp-json\/wp\/v2\/types\/product"}],"wp:featuredmedia":[{"embeddable":true,"href":"https:\/\/valleeforestryequipment.eu\/de\/wp-json\/wp\/v2\/media\/7418"}],"wp:attachment":[{"href":"https:\/\/valleeforestryequipment.eu\/de\/wp-json\/wp\/v2\/media?parent=5756"}],"wp:term":[{"taxonomy":"product_brand","embeddable":true,"href":"https:\/\/valleeforestryequipment.eu\/de\/wp-json\/wp\/v2\/product_brand?post=5756"},{"taxonomy":"product_cat","embeddable":true,"href":"https:\/\/valleeforestryequipment.eu\/de\/wp-json\/wp\/v2\/product_cat?post=5756"},{"taxonomy":"product_tag","embeddable":true,"href":"https:\/\/valleeforestryequipment.eu\/de\/wp-json\/wp\/v2\/product_tag?post=5756"}],"curies":[{"name":"wp","href":"https:\/\/api.w.org\/{rel}","templated":true}]}}