{"id":6219,"date":"2024-09-25T16:00:30","date_gmt":"2024-09-25T20:00:30","guid":{"rendered":"https:\/\/valleeforestryequipment.eu\/produit\/scierie-mobile-rebel\/"},"modified":"2025-08-28T10:51:40","modified_gmt":"2025-08-28T14:51:40","slug":"rebel-mobile-saegewerke","status":"publish","type":"product","link":"https:\/\/valleeforestryequipment.eu\/de\/produkt\/rebel-mobile-saegewerke\/","title":{"rendered":"REBEL"},"content":{"rendered":"","protected":false},"excerpt":{"rendered":"<h5 data-start=\"112\" data-end=\"265\">Rebel wurde f\u00fcr Heimwerker entwickelt, die hochwertige, mobile S\u00e4gewerke suchen. Es wird vormontiert und s\u00e4gebereit geliefert!<\/h5>\n<p data-start=\"267\" data-end=\"301\"><strong data-start=\"267\" data-end=\"299\">Hauptmerkmale<\/strong><\/p>\n<ul>\n<li data-start=\"304\" data-end=\"372\">Schnittleistung: 76 cm Durchmesser, L\u00e4nge: bis zu 5,2 m<\/li>\n<li data-start=\"375\" data-end=\"425\">Stahlrohrrahmen: 5,1 x 10,2 x 0,3 cm<\/li>\n<li data-start=\"428\" data-end=\"487\">14 PS Vanguard-Motor mit Elektrostarter<\/li>\n<li data-start=\"490\" data-end=\"532\">Gel\u00e4nde-Anh\u00e4ngersatz im Lieferumfang enthalten<\/li>\n<li data-start=\"535\" data-end=\"588\">Elektrische H\u00f6henverstellung des S\u00e4gekopfs<\/li>\n<li data-start=\"591\" data-end=\"634\">Einfaches und ergonomisches One-Step-Go-System<\/li>\n<\/ul>\n<p>&nbsp;<\/p>\n<h5>\ud83d\udce2\u00a0<strong>Sehen Sie unsere Produkte in Aktion!<\/strong><\/h5>\n<h6>Besuchen Sie uns auf\u00a0<strong><a href=\"https:\/\/www.facebook.com\/ValleeEquipementForestier\/\">Facebook<\/a><\/strong>, folgen Sie uns auf\u00a0<strong><a href=\"https:\/\/www.instagram.com\/valleeforestryequipment\/\">Instagram<\/a><\/strong>\u00a0oder abonnieren Sie unseren\u00a0<strong><a href=\"https:\/\/www.youtube.com\/@ValleeForestryEquipment\">YouTube-Kanal<\/a><\/strong> um das mobile S\u00e4gewerk in Aktion zu sehen und \u00fcber unsere Neuigkeiten auf dem Laufenden zu bleiben!<\/h6>\n","protected":false},"featured_media":5791,"template":"","meta":{"_acf_changed":false},"product_brand":[],"product_cat":[366],"product_tag":[],"class_list":{"0":"post-6219","1":"product","2":"type-product","3":"status-publish","4":"has-post-thumbnail","6":"product_cat-vallee-mobile-saegewerke","8":"first","9":"instock","10":"taxable","11":"shipping-taxable","12":"purchasable","13":"product-type-variable"},"acf":[],"_links":{"self":[{"href":"https:\/\/valleeforestryequipment.eu\/de\/wp-json\/wp\/v2\/product\/6219","targetHints":{"allow":["GET"]}}],"collection":[{"href":"https:\/\/valleeforestryequipment.eu\/de\/wp-json\/wp\/v2\/product"}],"about":[{"href":"https:\/\/valleeforestryequipment.eu\/de\/wp-json\/wp\/v2\/types\/product"}],"wp:featuredmedia":[{"embeddable":true,"href":"https:\/\/valleeforestryequipment.eu\/de\/wp-json\/wp\/v2\/media\/5791"}],"wp:attachment":[{"href":"https:\/\/valleeforestryequipment.eu\/de\/wp-json\/wp\/v2\/media?parent=6219"}],"wp:term":[{"taxonomy":"product_brand","embeddable":true,"href":"https:\/\/valleeforestryequipment.eu\/de\/wp-json\/wp\/v2\/product_brand?post=6219"},{"taxonomy":"product_cat","embeddable":true,"href":"https:\/\/valleeforestryequipment.eu\/de\/wp-json\/wp\/v2\/product_cat?post=6219"},{"taxonomy":"product_tag","embeddable":true,"href":"https:\/\/valleeforestryequipment.eu\/de\/wp-json\/wp\/v2\/product_tag?post=6219"}],"curies":[{"name":"wp","href":"https:\/\/api.w.org\/{rel}","templated":true}]}}