{"id":6227,"date":"2024-09-25T15:00:16","date_gmt":"2024-09-25T19:00:16","guid":{"rendered":"https:\/\/valleeforestryequipment.eu\/produit\/little-blue-scierie\/"},"modified":"2025-08-28T10:52:08","modified_gmt":"2025-08-28T14:52:08","slug":"little-blue-mobile-saegewerke","status":"publish","type":"product","link":"https:\/\/valleeforestryequipment.eu\/de\/produkt\/little-blue-mobile-saegewerke\/","title":{"rendered":"LITTLE BLUE"},"content":{"rendered":"","protected":false},"excerpt":{"rendered":"<h5 data-start=\"147\" data-end=\"280\"><strong>Individuell an Ihre Bed\u00fcrfnisse angepasst garantiert Little Blue ein unvergleichliches S\u00e4geerlebnis und das Preis-LeistungsVerh\u00e4ltnis ist unschlagbar.<\/strong><\/h5>\n<p data-start=\"282\" data-end=\"316\"><strong data-start=\"282\" data-end=\"314\">Hauptmerkmale <\/strong><\/p>\n<ul>\n<li data-start=\"319\" data-end=\"405\">Schnittleistung von 76 cm Durchmesser und bis zu 5,2 m L\u00e4nge (optional 6,4 m)<\/li>\n<li data-start=\"408\" data-end=\"455\">4 Rohrrahmengr\u00f6\u00dfen verf\u00fcgbar<\/li>\n<li data-start=\"458\" data-end=\"534\">Honda-Motor mit Elektrostarter (13 PS oder 20 PS)<\/li>\n<li data-start=\"537\" data-end=\"580\">Elektrische Schnitth\u00f6henverstellung<\/li>\n<li data-start=\"583\" data-end=\"627\">Einfaches und ergonomisches One-Step-Go-System<\/li>\n<li data-start=\"630\" data-end=\"688\">Stra\u00dfenanh\u00e4nger mit Einzel- oder Doppelachse optional erh\u00e4ltlich<\/li>\n<\/ul>\n<p>&nbsp;<\/p>\n<h5>\ud83d\udce2\u00a0<strong>Sehen Sie unsere Produkte in Aktion!<\/strong><\/h5>\n<h6>Besuchen Sie uns auf\u00a0<strong><a href=\"https:\/\/www.facebook.com\/ValleeEquipementForestier\/\">Facebook<\/a><\/strong>, folgen Sie uns auf\u00a0<strong><a href=\"https:\/\/www.instagram.com\/valleeforestryequipment\/\">Instagram<\/a><\/strong>\u00a0oder abonnieren Sie unseren\u00a0<strong><a href=\"https:\/\/www.youtube.com\/@ValleeForestryEquipment\">YouTube-Kanal<\/a><\/strong> um das mobile S\u00e4gewerk in Aktion zu sehen und \u00fcber unsere Neuigkeiten auf dem Laufenden zu bleiben!<\/h6>\n","protected":false},"featured_media":5798,"template":"","meta":{"_acf_changed":false},"product_brand":[],"product_cat":[366],"product_tag":[],"class_list":{"0":"post-6227","1":"product","2":"type-product","3":"status-publish","4":"has-post-thumbnail","6":"product_cat-vallee-mobile-saegewerke","8":"first","9":"instock","10":"taxable","11":"shipping-taxable","12":"purchasable","13":"product-type-variable"},"acf":[],"_links":{"self":[{"href":"https:\/\/valleeforestryequipment.eu\/de\/wp-json\/wp\/v2\/product\/6227","targetHints":{"allow":["GET"]}}],"collection":[{"href":"https:\/\/valleeforestryequipment.eu\/de\/wp-json\/wp\/v2\/product"}],"about":[{"href":"https:\/\/valleeforestryequipment.eu\/de\/wp-json\/wp\/v2\/types\/product"}],"wp:featuredmedia":[{"embeddable":true,"href":"https:\/\/valleeforestryequipment.eu\/de\/wp-json\/wp\/v2\/media\/5798"}],"wp:attachment":[{"href":"https:\/\/valleeforestryequipment.eu\/de\/wp-json\/wp\/v2\/media?parent=6227"}],"wp:term":[{"taxonomy":"product_brand","embeddable":true,"href":"https:\/\/valleeforestryequipment.eu\/de\/wp-json\/wp\/v2\/product_brand?post=6227"},{"taxonomy":"product_cat","embeddable":true,"href":"https:\/\/valleeforestryequipment.eu\/de\/wp-json\/wp\/v2\/product_cat?post=6227"},{"taxonomy":"product_tag","embeddable":true,"href":"https:\/\/valleeforestryequipment.eu\/de\/wp-json\/wp\/v2\/product_tag?post=6227"}],"curies":[{"name":"wp","href":"https:\/\/api.w.org\/{rel}","templated":true}]}}