{"id":6563,"date":"2024-09-25T13:00:48","date_gmt":"2024-09-25T17:00:48","guid":{"rendered":"https:\/\/valleeforestryequipment.eu\/produit\/big-red-xp-scierie\/"},"modified":"2025-08-28T10:52:50","modified_gmt":"2025-08-28T14:52:50","slug":"big-red-xp-mobile-saegewerke","status":"publish","type":"product","link":"https:\/\/valleeforestryequipment.eu\/de\/produkt\/big-red-xp-mobile-saegewerke\/","title":{"rendered":"BIG RED XP"},"content":{"rendered":"","protected":false},"excerpt":{"rendered":"<h5>F\u00fcr den Profi- S\u00e4ger, der noch mehr Power braucht, bietet Big Red XP einen noch st\u00e4rkeren Motor und eine noch h\u00f6here Schnittleistung.<\/h5>\n<p><strong>Hauptmerkmale <\/strong><\/p>\n<ul>\n<li data-start=\"379\" data-end=\"457\">Schnittleistung von 81 cm Durchmesser und bis zu 6,4 m L\u00e4nge<\/li>\n<li data-start=\"460\" data-end=\"516\">Stahlrohrrahmen (5,1 x 15,2 x 0,5 cm)<\/li>\n<li data-start=\"519\" data-end=\"593\">Rahmenrollen<\/li>\n<li data-start=\"596\" data-end=\"650\">Anh\u00e4nger mit Einzel- oder Doppelachse erh\u00e4ltlich<\/li>\n<li data-start=\"653\" data-end=\"696\">20 PS Honda-Motor mit Elektrostarter<\/li>\n<li data-start=\"699\" data-end=\"807\">Elektrische Schnitth\u00f6henverstellung<\/li>\n<li data-start=\"810\" data-end=\"865\">Einfaches und ergonomisches One-Step-Go-System<\/li>\n<\/ul>\n<p>&nbsp;<\/p>\n<h5>\ud83d\udce2\u00a0<strong>Sehen Sie unsere Produkte in Aktion!<\/strong><\/h5>\n<h6>Besuchen Sie uns auf\u00a0<strong><a href=\"https:\/\/www.facebook.com\/ValleeEquipementForestier\/\">Facebook<\/a><\/strong>, folgen Sie uns auf\u00a0<strong><a href=\"https:\/\/www.instagram.com\/valleeforestryequipment\/\">Instagram<\/a><\/strong>\u00a0oder abonnieren Sie unseren\u00a0<strong><a href=\"https:\/\/www.youtube.com\/@ValleeForestryEquipment\">YouTube-Kanal<\/a><\/strong> um das mobile S\u00e4gewerk in Aktion zu sehen und \u00fcber unsere Neuigkeiten auf dem Laufenden zu bleiben!<\/h6>\n","protected":false},"featured_media":6108,"template":"","meta":{"_acf_changed":false},"product_brand":[],"product_cat":[366],"product_tag":[],"class_list":{"0":"post-6563","1":"product","2":"type-product","3":"status-publish","4":"has-post-thumbnail","6":"product_cat-vallee-mobile-saegewerke","8":"first","9":"instock","10":"taxable","11":"shipping-taxable","12":"purchasable","13":"product-type-variable"},"acf":[],"_links":{"self":[{"href":"https:\/\/valleeforestryequipment.eu\/de\/wp-json\/wp\/v2\/product\/6563","targetHints":{"allow":["GET"]}}],"collection":[{"href":"https:\/\/valleeforestryequipment.eu\/de\/wp-json\/wp\/v2\/product"}],"about":[{"href":"https:\/\/valleeforestryequipment.eu\/de\/wp-json\/wp\/v2\/types\/product"}],"wp:featuredmedia":[{"embeddable":true,"href":"https:\/\/valleeforestryequipment.eu\/de\/wp-json\/wp\/v2\/media\/6108"}],"wp:attachment":[{"href":"https:\/\/valleeforestryequipment.eu\/de\/wp-json\/wp\/v2\/media?parent=6563"}],"wp:term":[{"taxonomy":"product_brand","embeddable":true,"href":"https:\/\/valleeforestryequipment.eu\/de\/wp-json\/wp\/v2\/product_brand?post=6563"},{"taxonomy":"product_cat","embeddable":true,"href":"https:\/\/valleeforestryequipment.eu\/de\/wp-json\/wp\/v2\/product_cat?post=6563"},{"taxonomy":"product_tag","embeddable":true,"href":"https:\/\/valleeforestryequipment.eu\/de\/wp-json\/wp\/v2\/product_tag?post=6563"}],"curies":[{"name":"wp","href":"https:\/\/api.w.org\/{rel}","templated":true}]}}