{"id":6571,"date":"2024-09-25T12:00:37","date_gmt":"2024-09-25T16:00:37","guid":{"rendered":"https:\/\/valleeforestryequipment.eu\/produit\/green-monster\/"},"modified":"2025-09-25T11:26:06","modified_gmt":"2025-09-25T15:26:06","slug":"green-monster-mobile-saegewerke","status":"publish","type":"product","link":"https:\/\/valleeforestryequipment.eu\/de\/produkt\/green-monster-mobile-saegewerke\/","title":{"rendered":"GREEN MONSTER"},"content":{"rendered":"","protected":false},"excerpt":{"rendered":"<h5>Mit seiner St\u00e4rke und au\u00dfergew\u00f6hnlichen Leistungsf\u00e4higkeit ist Green Monster die ideale Wahl f\u00fcr S\u00e4ger, die ihre Produktion auf ein neues Niveau heben m\u00f6chten.<\/h5>\n<p><strong>Hauptmerkmale <\/strong><\/p>\n<ul>\n<li>Schnittleistung von 89 cm Durchmesser und bis zu 9,5 m L\u00e4nge<\/li>\n<li data-start=\"206\" data-end=\"254\">5,1 x 15,2 x 0,5 cm Stahlrohrrahmen<\/li>\n<li data-start=\"257\" data-end=\"318\">Honda-Motor mit Elektrostart (20 PS oder 22 PS)<\/li>\n<li data-start=\"321\" data-end=\"354\">Hydraulischer S\u00e4geblattspanner<\/li>\n<li data-start=\"357\" data-end=\"436\">Rahmenrollen<\/li>\n<li data-start=\"439\" data-end=\"507\">Ein- oder zweiachsiger Anh\u00e4nger optional<\/li>\n<li data-start=\"510\" data-end=\"553\">Elektrische Schnitth\u00f6henverstellung<\/li>\n<li data-start=\"556\" data-end=\"593\">Einfaches und ergonomisches One-Step-Go-System<\/li>\n<\/ul>\n<p>&nbsp;<\/p>\n<h5>\ud83d\udce2\u00a0<strong>Sehen Sie unsere Produkte in Aktion!<\/strong><\/h5>\n<h6>Besuchen Sie uns auf\u00a0<strong><a href=\"https:\/\/www.facebook.com\/ValleeEquipementForestier\/\">Facebook<\/a><\/strong>, folgen Sie uns auf\u00a0<strong><a href=\"https:\/\/www.instagram.com\/valleeforestryequipment\/\">Instagram<\/a><\/strong>\u00a0oder abonnieren Sie unseren\u00a0<strong><a href=\"https:\/\/www.youtube.com\/@ValleeForestryEquipment\">YouTube-Kanal<\/a><\/strong> um das mobile S\u00e4gewerk in Aktion zu sehen und \u00fcber unsere Neuigkeiten auf dem Laufenden zu bleiben!<\/h6>\n","protected":false},"featured_media":6114,"template":"","meta":{"_acf_changed":false},"product_brand":[],"product_cat":[366],"product_tag":[],"class_list":{"0":"post-6571","1":"product","2":"type-product","3":"status-publish","4":"has-post-thumbnail","6":"product_cat-vallee-mobile-saegewerke","8":"first","9":"instock","10":"taxable","11":"shipping-taxable","12":"purchasable","13":"product-type-variable"},"acf":[],"_links":{"self":[{"href":"https:\/\/valleeforestryequipment.eu\/de\/wp-json\/wp\/v2\/product\/6571","targetHints":{"allow":["GET"]}}],"collection":[{"href":"https:\/\/valleeforestryequipment.eu\/de\/wp-json\/wp\/v2\/product"}],"about":[{"href":"https:\/\/valleeforestryequipment.eu\/de\/wp-json\/wp\/v2\/types\/product"}],"wp:featuredmedia":[{"embeddable":true,"href":"https:\/\/valleeforestryequipment.eu\/de\/wp-json\/wp\/v2\/media\/6114"}],"wp:attachment":[{"href":"https:\/\/valleeforestryequipment.eu\/de\/wp-json\/wp\/v2\/media?parent=6571"}],"wp:term":[{"taxonomy":"product_brand","embeddable":true,"href":"https:\/\/valleeforestryequipment.eu\/de\/wp-json\/wp\/v2\/product_brand?post=6571"},{"taxonomy":"product_cat","embeddable":true,"href":"https:\/\/valleeforestryequipment.eu\/de\/wp-json\/wp\/v2\/product_cat?post=6571"},{"taxonomy":"product_tag","embeddable":true,"href":"https:\/\/valleeforestryequipment.eu\/de\/wp-json\/wp\/v2\/product_tag?post=6571"}],"curies":[{"name":"wp","href":"https:\/\/api.w.org\/{rel}","templated":true}]}}