{"id":6593,"date":"2024-09-25T11:00:04","date_gmt":"2024-09-25T15:00:04","guid":{"rendered":"https:\/\/valleeforestryequipment.eu\/produit\/green-monster-wide-scierie\/"},"modified":"2025-08-28T13:26:35","modified_gmt":"2025-08-28T17:26:35","slug":"green-monster-wide-mobile-saegewerke","status":"publish","type":"product","link":"https:\/\/valleeforestryequipment.eu\/de\/produkt\/green-monster-wide-mobile-saegewerke\/","title":{"rendered":"GREEN MONSTER WIDE"},"content":{"rendered":"","protected":false},"excerpt":{"rendered":"<h5>Das mobile S\u00e4gewerk der Wahl f\u00fcr Handwerker, die sich auf das S\u00e4gen von extrabreiten Brettern und Platten spezialisiert haben. <\/h5>\n<p><strong>Hauptmerkmale<\/strong><\/p>\n<ul>\n<li data-start=\"251\" data-end=\"324\">Schnittleistung: 107 cm Durchmesser und bis zu 6,4 m L\u00e4nge <\/li>\n<li data-start=\"327\" data-end=\"371\">Stahlrohrrahmen 5,1 x 15,2 x 0,5 cm  <\/li>\n<li data-start=\"374\" data-end=\"428\">22 PS Honda-Motor mit Elektrostarter <\/li>\n<li data-start=\"431\" data-end=\"464\">Hydraulischer S\u00e4geblattspanner <\/li>\n<li data-start=\"467\" data-end=\"532\">Ein- oder zweiachsiger Anh\u00e4nger erh\u00e4ltlich <\/li>\n<li data-start=\"535\" data-end=\"578\">Elektrische Schnitth\u00f6henverstellung <\/li>\n<li data-start=\"581\" data-end=\"624\">Einfaches und ergonomisches One-Step-Go-System <\/li>\n<\/ul>\n<p>&nbsp;<\/p>\n<h5>\ud83d\udce2\u00a0<strong>Sehen Sie unsere Produkte in Aktion!<\/strong><\/h5>\n<h6>Besuchen Sie uns auf\u00a0<strong><a href=\"https:\/\/www.facebook.com\/ValleeEquipementForestier\/\">Facebook<\/a><\/strong>, folgen Sie uns auf\u00a0<strong><a href=\"https:\/\/www.instagram.com\/valleeforestryequipment\/\">Instagram<\/a><\/strong>\u00a0oder abonnieren Sie unseren\u00a0<strong><a href=\"https:\/\/www.youtube.com\/@ValleeForestryEquipment\">YouTube-Kanal<\/a><\/strong> um das mobile S\u00e4gewerk in Aktion zu sehen und \u00fcber unsere Neuigkeiten auf dem Laufenden zu bleiben!<\/h6>\n","protected":false},"featured_media":5817,"template":"","meta":{"_acf_changed":false},"product_brand":[],"product_cat":[366],"product_tag":[],"class_list":{"0":"post-6593","1":"product","2":"type-product","3":"status-publish","4":"has-post-thumbnail","6":"product_cat-vallee-mobile-saegewerke","8":"first","9":"instock","10":"taxable","11":"shipping-taxable","12":"purchasable","13":"product-type-variable"},"acf":[],"_links":{"self":[{"href":"https:\/\/valleeforestryequipment.eu\/de\/wp-json\/wp\/v2\/product\/6593","targetHints":{"allow":["GET"]}}],"collection":[{"href":"https:\/\/valleeforestryequipment.eu\/de\/wp-json\/wp\/v2\/product"}],"about":[{"href":"https:\/\/valleeforestryequipment.eu\/de\/wp-json\/wp\/v2\/types\/product"}],"wp:featuredmedia":[{"embeddable":true,"href":"https:\/\/valleeforestryequipment.eu\/de\/wp-json\/wp\/v2\/media\/5817"}],"wp:attachment":[{"href":"https:\/\/valleeforestryequipment.eu\/de\/wp-json\/wp\/v2\/media?parent=6593"}],"wp:term":[{"taxonomy":"product_brand","embeddable":true,"href":"https:\/\/valleeforestryequipment.eu\/de\/wp-json\/wp\/v2\/product_brand?post=6593"},{"taxonomy":"product_cat","embeddable":true,"href":"https:\/\/valleeforestryequipment.eu\/de\/wp-json\/wp\/v2\/product_cat?post=6593"},{"taxonomy":"product_tag","embeddable":true,"href":"https:\/\/valleeforestryequipment.eu\/de\/wp-json\/wp\/v2\/product_tag?post=6593"}],"curies":[{"name":"wp","href":"https:\/\/api.w.org\/{rel}","templated":true}]}}