{"id":6604,"date":"2024-09-19T23:30:55","date_gmt":"2024-09-20T03:30:55","guid":{"rendered":"https:\/\/valleeforestryequipment.eu\/produit\/tisonnier-long\/"},"modified":"2025-08-28T13:34:22","modified_gmt":"2025-08-28T17:34:22","slug":"langer-schuerhaken","status":"publish","type":"product","link":"https:\/\/valleeforestryequipment.eu\/de\/produkt\/langer-schuerhaken\/","title":{"rendered":"Langer Sch\u00fcrhaken"},"content":{"rendered":"","protected":false},"excerpt":{"rendered":"<h5>Das perfekte Zubeh\u00f6r zum sicheren Stochern und Man\u00f6vrieren Ihrer Holzst\u00e4mme aus bequemer Entfernung. ideal f\u00fcr die Bedienung gro\u00dfer Holz\u00f6fen, aber auch die einfache und pr\u00e4zise Handhabung schwerer Holzst\u00fccke. <\/h5>\n<p data-start=\"267\" data-end=\"301\"><strong data-start=\"267\" data-end=\"299\">Hauptmerkmale<\/strong><\/p>\n<ul>\n<li>Hergestellt in Quebec <\/li>\n<li>Aus robustem, gr\u00fcn lackiertem Stahl <\/li>\n<\/ul>\n","protected":false},"featured_media":6156,"template":"","meta":{"_acf_changed":false},"product_brand":[],"product_cat":[367],"product_tag":[],"class_list":{"0":"post-6604","1":"product","2":"type-product","3":"status-publish","4":"has-post-thumbnail","6":"product_cat-zubehoer-und-sonstiges","8":"first","9":"instock","10":"taxable","11":"shipping-taxable","12":"purchasable","13":"product-type-simple"},"acf":[],"_links":{"self":[{"href":"https:\/\/valleeforestryequipment.eu\/de\/wp-json\/wp\/v2\/product\/6604","targetHints":{"allow":["GET"]}}],"collection":[{"href":"https:\/\/valleeforestryequipment.eu\/de\/wp-json\/wp\/v2\/product"}],"about":[{"href":"https:\/\/valleeforestryequipment.eu\/de\/wp-json\/wp\/v2\/types\/product"}],"wp:featuredmedia":[{"embeddable":true,"href":"https:\/\/valleeforestryequipment.eu\/de\/wp-json\/wp\/v2\/media\/6156"}],"wp:attachment":[{"href":"https:\/\/valleeforestryequipment.eu\/de\/wp-json\/wp\/v2\/media?parent=6604"}],"wp:term":[{"taxonomy":"product_brand","embeddable":true,"href":"https:\/\/valleeforestryequipment.eu\/de\/wp-json\/wp\/v2\/product_brand?post=6604"},{"taxonomy":"product_cat","embeddable":true,"href":"https:\/\/valleeforestryequipment.eu\/de\/wp-json\/wp\/v2\/product_cat?post=6604"},{"taxonomy":"product_tag","embeddable":true,"href":"https:\/\/valleeforestryequipment.eu\/de\/wp-json\/wp\/v2\/product_tag?post=6604"}],"curies":[{"name":"wp","href":"https:\/\/api.w.org\/{rel}","templated":true}]}}