{"id":6606,"date":"2024-09-19T23:15:10","date_gmt":"2024-09-20T03:15:10","guid":{"rendered":"https:\/\/valleeforestryequipment.eu\/produit\/jauge-400-mm-tronconneuse\/"},"modified":"2025-09-16T15:55:06","modified_gmt":"2025-09-16T19:55:06","slug":"kettensaegenlehre-406-cm","status":"publish","type":"product","link":"https:\/\/valleeforestryequipment.eu\/de\/produkt\/kettensaegenlehre-406-cm\/","title":{"rendered":"Kettens\u00e4genlehre (40,6 cm)"},"content":{"rendered":"","protected":false},"excerpt":{"rendered":"<h5 data-start=\"81\" data-end=\"220\">Ein gro\u00dfartiges Zubeh\u00f6r f\u00fcr Ihre Kettens\u00e4ge zum einfachen und perfekten Abmessen Ihrer Holzscheite.<\/h5>\n<p data-start=\"267\" data-end=\"301\"><strong>Hauptmerkmale<\/strong><\/p>\n<ul>\n<li data-start=\"155\" data-end=\"231\">40,6 cm lang<\/li>\n<li data-start=\"234\" data-end=\"280\">Ausgestattet mit einem Magneten mit einer Kapazit\u00e4t von 45 kg<\/li>\n<\/ul>\n","protected":false},"featured_media":6095,"template":"","meta":{"_acf_changed":false},"product_brand":[],"product_cat":[367],"product_tag":[],"class_list":{"0":"post-6606","1":"product","2":"type-product","3":"status-publish","4":"has-post-thumbnail","6":"product_cat-zubehoer-und-sonstiges","8":"first","9":"instock","10":"taxable","11":"shipping-taxable","12":"purchasable","13":"product-type-simple"},"acf":[],"_links":{"self":[{"href":"https:\/\/valleeforestryequipment.eu\/de\/wp-json\/wp\/v2\/product\/6606","targetHints":{"allow":["GET"]}}],"collection":[{"href":"https:\/\/valleeforestryequipment.eu\/de\/wp-json\/wp\/v2\/product"}],"about":[{"href":"https:\/\/valleeforestryequipment.eu\/de\/wp-json\/wp\/v2\/types\/product"}],"wp:featuredmedia":[{"embeddable":true,"href":"https:\/\/valleeforestryequipment.eu\/de\/wp-json\/wp\/v2\/media\/6095"}],"wp:attachment":[{"href":"https:\/\/valleeforestryequipment.eu\/de\/wp-json\/wp\/v2\/media?parent=6606"}],"wp:term":[{"taxonomy":"product_brand","embeddable":true,"href":"https:\/\/valleeforestryequipment.eu\/de\/wp-json\/wp\/v2\/product_brand?post=6606"},{"taxonomy":"product_cat","embeddable":true,"href":"https:\/\/valleeforestryequipment.eu\/de\/wp-json\/wp\/v2\/product_cat?post=6606"},{"taxonomy":"product_tag","embeddable":true,"href":"https:\/\/valleeforestryequipment.eu\/de\/wp-json\/wp\/v2\/product_tag?post=6606"}],"curies":[{"name":"wp","href":"https:\/\/api.w.org\/{rel}","templated":true}]}}