{"id":6608,"date":"2024-09-19T23:00:33","date_gmt":"2024-09-20T03:00:33","guid":{"rendered":"https:\/\/valleeforestryequipment.eu\/produit\/hache-a-debroussailler\/"},"modified":"2025-08-28T13:44:44","modified_gmt":"2025-08-28T17:44:44","slug":"astsaege","status":"publish","type":"product","link":"https:\/\/valleeforestryequipment.eu\/de\/produkt\/astsaege\/","title":{"rendered":"Asts\u00e4ge"},"content":{"rendered":"","protected":false},"excerpt":{"rendered":"<h5>Die leichte und ausgewogene Axt eignet sich perfekt f\u00fcr die einh\u00e4ndige Nutzung, um schnell und einfach kleine \u00c4ste zu entfernen. <\/h5>\n<p data-start=\"267\" data-end=\"301\"><strong data-start=\"267\" data-end=\"299\">Hauptmerkmale<\/strong><\/p>\n<ul>\n<li data-start=\"142\" data-end=\"195\">Leichte und ausgewogene Axt<\/li>\n<li data-start=\"198\" data-end=\"255\">18 cm auswechselbare Klinge<\/li>\n<li data-start=\"258\" data-end=\"330\">Konzipiert zum Roden und Schneiden von kleinen B\u00e4umen und Gestr\u00fcpp<\/li>\n<\/ul>\n","protected":false},"featured_media":6060,"template":"","meta":{"_acf_changed":false},"product_brand":[],"product_cat":[367],"product_tag":[],"class_list":{"0":"post-6608","1":"product","2":"type-product","3":"status-publish","4":"has-post-thumbnail","6":"product_cat-zubehoer-und-sonstiges","8":"first","9":"instock","10":"taxable","11":"shipping-taxable","12":"purchasable","13":"product-type-simple"},"acf":[],"_links":{"self":[{"href":"https:\/\/valleeforestryequipment.eu\/de\/wp-json\/wp\/v2\/product\/6608","targetHints":{"allow":["GET"]}}],"collection":[{"href":"https:\/\/valleeforestryequipment.eu\/de\/wp-json\/wp\/v2\/product"}],"about":[{"href":"https:\/\/valleeforestryequipment.eu\/de\/wp-json\/wp\/v2\/types\/product"}],"wp:featuredmedia":[{"embeddable":true,"href":"https:\/\/valleeforestryequipment.eu\/de\/wp-json\/wp\/v2\/media\/6060"}],"wp:attachment":[{"href":"https:\/\/valleeforestryequipment.eu\/de\/wp-json\/wp\/v2\/media?parent=6608"}],"wp:term":[{"taxonomy":"product_brand","embeddable":true,"href":"https:\/\/valleeforestryequipment.eu\/de\/wp-json\/wp\/v2\/product_brand?post=6608"},{"taxonomy":"product_cat","embeddable":true,"href":"https:\/\/valleeforestryequipment.eu\/de\/wp-json\/wp\/v2\/product_cat?post=6608"},{"taxonomy":"product_tag","embeddable":true,"href":"https:\/\/valleeforestryequipment.eu\/de\/wp-json\/wp\/v2\/product_tag?post=6608"}],"curies":[{"name":"wp","href":"https:\/\/api.w.org\/{rel}","templated":true}]}}