{"id":6610,"date":"2024-09-19T20:51:54","date_gmt":"2024-09-20T00:51:54","guid":{"rendered":"https:\/\/valleeforestryequipment.eu\/produit\/pickaroon\/"},"modified":"2025-08-28T13:55:52","modified_gmt":"2025-08-28T17:55:52","slug":"sappie","status":"publish","type":"product","link":"https:\/\/valleeforestryequipment.eu\/de\/produkt\/sappie\/","title":{"rendered":"Sappie"},"content":{"rendered":"","protected":false},"excerpt":{"rendered":"<h5 data-start=\"105\" data-end=\"208\">Robustes Zubeh\u00f6r zum einfachen Handhaben und Bewegen Ihrer Holzscheite.<\/h5>\n<p data-start=\"267\" data-end=\"301\"><strong data-start=\"267\" data-end=\"299\">Hauptmerkmale<\/strong><\/p>\n<ul>\n<li data-start=\"247\" data-end=\"293\">Ergonomischer Griff f\u00fcr optimale Kontrolle<\/li>\n<li data-start=\"296\" data-end=\"354\">Spitze aus geh\u00e4rtetem Stahl f\u00fcr sicheren Halt der B\u00e4lle<\/li>\n<li data-start=\"357\" data-end=\"430\">Ideal zum sicheren Bewegen, Rollen oder Positionieren von Baumst\u00e4mmen<\/li>\n<\/ul>\n","protected":false},"featured_media":6069,"template":"","meta":{"_acf_changed":false},"product_brand":[],"product_cat":[367],"product_tag":[],"class_list":{"0":"post-6610","1":"product","2":"type-product","3":"status-publish","4":"has-post-thumbnail","6":"product_cat-zubehoer-und-sonstiges","8":"first","9":"instock","10":"taxable","11":"shipping-taxable","12":"purchasable","13":"product-type-variable"},"acf":[],"_links":{"self":[{"href":"https:\/\/valleeforestryequipment.eu\/de\/wp-json\/wp\/v2\/product\/6610","targetHints":{"allow":["GET"]}}],"collection":[{"href":"https:\/\/valleeforestryequipment.eu\/de\/wp-json\/wp\/v2\/product"}],"about":[{"href":"https:\/\/valleeforestryequipment.eu\/de\/wp-json\/wp\/v2\/types\/product"}],"wp:featuredmedia":[{"embeddable":true,"href":"https:\/\/valleeforestryequipment.eu\/de\/wp-json\/wp\/v2\/media\/6069"}],"wp:attachment":[{"href":"https:\/\/valleeforestryequipment.eu\/de\/wp-json\/wp\/v2\/media?parent=6610"}],"wp:term":[{"taxonomy":"product_brand","embeddable":true,"href":"https:\/\/valleeforestryequipment.eu\/de\/wp-json\/wp\/v2\/product_brand?post=6610"},{"taxonomy":"product_cat","embeddable":true,"href":"https:\/\/valleeforestryequipment.eu\/de\/wp-json\/wp\/v2\/product_cat?post=6610"},{"taxonomy":"product_tag","embeddable":true,"href":"https:\/\/valleeforestryequipment.eu\/de\/wp-json\/wp\/v2\/product_tag?post=6610"}],"curies":[{"name":"wp","href":"https:\/\/api.w.org\/{rel}","templated":true}]}}