{"id":6615,"date":"2024-09-19T20:45:42","date_gmt":"2024-09-20T00:45:42","guid":{"rendered":"https:\/\/valleeforestryequipment.eu\/produit\/tourne-billot\/"},"modified":"2025-08-28T13:58:10","modified_gmt":"2025-08-28T17:58:10","slug":"holzwender","status":"publish","type":"product","link":"https:\/\/valleeforestryequipment.eu\/de\/produkt\/holzwender\/","title":{"rendered":"Holzwender"},"content":{"rendered":"","protected":false},"excerpt":{"rendered":"<h5>Zum Greifen und Bewegen von Holzst\u00e4mmen unterschiedlicher Gr\u00f6\u00dfe.<\/h5>\n<p data-start=\"267\" data-end=\"301\"><strong>Hauptmerkmale<\/strong><\/p>\n<ul>\n<li data-start=\"251\" data-end=\"297\">Ergonomischer Griff f\u00fcr optimale Kontrolle<\/li>\n<li data-start=\"300\" data-end=\"359\">Ideal zum sicheren Wenden, Bewegen oder Positionieren von Baumst\u00e4mmen<\/li>\n<\/ul>\n","protected":false},"featured_media":6073,"template":"","meta":{"_acf_changed":false},"product_brand":[],"product_cat":[367],"product_tag":[],"class_list":{"0":"post-6615","1":"product","2":"type-product","3":"status-publish","4":"has-post-thumbnail","6":"product_cat-zubehoer-und-sonstiges","8":"first","9":"instock","10":"taxable","11":"shipping-taxable","12":"purchasable","13":"product-type-variable"},"acf":[],"_links":{"self":[{"href":"https:\/\/valleeforestryequipment.eu\/de\/wp-json\/wp\/v2\/product\/6615","targetHints":{"allow":["GET"]}}],"collection":[{"href":"https:\/\/valleeforestryequipment.eu\/de\/wp-json\/wp\/v2\/product"}],"about":[{"href":"https:\/\/valleeforestryequipment.eu\/de\/wp-json\/wp\/v2\/types\/product"}],"wp:featuredmedia":[{"embeddable":true,"href":"https:\/\/valleeforestryequipment.eu\/de\/wp-json\/wp\/v2\/media\/6073"}],"wp:attachment":[{"href":"https:\/\/valleeforestryequipment.eu\/de\/wp-json\/wp\/v2\/media?parent=6615"}],"wp:term":[{"taxonomy":"product_brand","embeddable":true,"href":"https:\/\/valleeforestryequipment.eu\/de\/wp-json\/wp\/v2\/product_brand?post=6615"},{"taxonomy":"product_cat","embeddable":true,"href":"https:\/\/valleeforestryequipment.eu\/de\/wp-json\/wp\/v2\/product_cat?post=6615"},{"taxonomy":"product_tag","embeddable":true,"href":"https:\/\/valleeforestryequipment.eu\/de\/wp-json\/wp\/v2\/product_tag?post=6615"}],"curies":[{"name":"wp","href":"https:\/\/api.w.org\/{rel}","templated":true}]}}