{"id":6663,"date":"2024-09-19T19:54:10","date_gmt":"2024-09-19T23:54:10","guid":{"rendered":"https:\/\/valleeforestryequipment.eu\/produit\/crochet\/"},"modified":"2025-08-28T16:06:03","modified_gmt":"2025-08-28T20:06:03","slug":"pulp-haken","status":"publish","type":"product","link":"https:\/\/valleeforestryequipment.eu\/de\/produkt\/pulp-haken\/","title":{"rendered":"Pulp-Haken"},"content":{"rendered":"","protected":false},"excerpt":{"rendered":"<h5>Dieser rote Pulp-Haken ist aus geschmiedetem Stahl gefertigt und verf\u00fcgt \u00fcber eine geh\u00e4rtete Spitze, die f\u00fcr zus\u00e4tzliche Festigkeit und Stabilit\u00e4t sorgt. <\/h5>\n<p><strong>Hauptmerkmale:<\/strong><\/p>\n<ul>\n<li data-start=\"249\" data-end=\"292\">Geh\u00e4rtete Spitze f\u00fcr erh\u00f6hte Haltbarkeit<\/li>\n<li data-start=\"295\" data-end=\"360\">127 mm \u00d6ffnung zum Greifen verschiedener Stammdurchmesser<\/li>\n<li data-start=\"363\" data-end=\"423\">Ergonomischer Hartholzgriff f\u00fcr bequemen Halt<\/li>\n<\/ul>\n","protected":false},"featured_media":6070,"template":"","meta":{"_acf_changed":false},"product_brand":[],"product_cat":[367],"product_tag":[],"class_list":{"0":"post-6663","1":"product","2":"type-product","3":"status-publish","4":"has-post-thumbnail","6":"product_cat-zubehoer-und-sonstiges","8":"first","9":"instock","10":"taxable","11":"shipping-taxable","12":"purchasable","13":"product-type-simple"},"acf":[],"_links":{"self":[{"href":"https:\/\/valleeforestryequipment.eu\/de\/wp-json\/wp\/v2\/product\/6663","targetHints":{"allow":["GET"]}}],"collection":[{"href":"https:\/\/valleeforestryequipment.eu\/de\/wp-json\/wp\/v2\/product"}],"about":[{"href":"https:\/\/valleeforestryequipment.eu\/de\/wp-json\/wp\/v2\/types\/product"}],"wp:featuredmedia":[{"embeddable":true,"href":"https:\/\/valleeforestryequipment.eu\/de\/wp-json\/wp\/v2\/media\/6070"}],"wp:attachment":[{"href":"https:\/\/valleeforestryequipment.eu\/de\/wp-json\/wp\/v2\/media?parent=6663"}],"wp:term":[{"taxonomy":"product_brand","embeddable":true,"href":"https:\/\/valleeforestryequipment.eu\/de\/wp-json\/wp\/v2\/product_brand?post=6663"},{"taxonomy":"product_cat","embeddable":true,"href":"https:\/\/valleeforestryequipment.eu\/de\/wp-json\/wp\/v2\/product_cat?post=6663"},{"taxonomy":"product_tag","embeddable":true,"href":"https:\/\/valleeforestryequipment.eu\/de\/wp-json\/wp\/v2\/product_tag?post=6663"}],"curies":[{"name":"wp","href":"https:\/\/api.w.org\/{rel}","templated":true}]}}