{"id":6667,"date":"2024-09-13T15:15:16","date_gmt":"2024-09-13T19:15:16","guid":{"rendered":"https:\/\/valleeforestryequipment.eu\/produit\/toile-de-protection-xl-pour-green-monster-wide-seulement\/"},"modified":"2025-09-12T11:56:36","modified_gmt":"2025-09-12T15:56:36","slug":"xl-schutzhuelle-green-monster-wide","status":"publish","type":"product","link":"https:\/\/valleeforestryequipment.eu\/de\/produkt\/xl-schutzhuelle-green-monster-wide\/","title":{"rendered":"XL-Schutzh\u00fclle Green Monster Wide"},"content":{"rendered":"","protected":false},"excerpt":{"rendered":"<h5 data-start=\"128\" data-end=\"265\">Sch\u00fctzt Ihr Green Monster WIDE vor Witterungseinfl\u00fcssen und Staub und gew\u00e4hrleistet maximale Haltbarkeit.<\/h5>\n<p data-start=\"267\" data-end=\"301\"><strong data-start=\"267\" data-end=\"299\">Hauptmerkmale<\/strong><\/p>\n<ul>\n<li data-start=\"304\" data-end=\"343\">Ma\u00dfgeschneidert f\u00fcr das Green Monster WIDE<\/li>\n<li data-start=\"346\" data-end=\"402\">Schutz vor Regen, Staub und Schmutz<\/li>\n<li data-start=\"405\" data-end=\"467\">Robustes und langlebiges Material f\u00fcr den Langzeitgebrauch<\/li>\n<\/ul>\n","protected":false},"featured_media":7542,"template":"","meta":{"_acf_changed":false},"product_brand":[],"product_cat":[367],"product_tag":[],"class_list":{"0":"post-6667","1":"product","2":"type-product","3":"status-publish","4":"has-post-thumbnail","6":"product_cat-zubehoer-und-sonstiges","8":"first","9":"instock","10":"taxable","11":"shipping-taxable","12":"purchasable","13":"product-type-simple"},"acf":[],"_links":{"self":[{"href":"https:\/\/valleeforestryequipment.eu\/de\/wp-json\/wp\/v2\/product\/6667","targetHints":{"allow":["GET"]}}],"collection":[{"href":"https:\/\/valleeforestryequipment.eu\/de\/wp-json\/wp\/v2\/product"}],"about":[{"href":"https:\/\/valleeforestryequipment.eu\/de\/wp-json\/wp\/v2\/types\/product"}],"wp:featuredmedia":[{"embeddable":true,"href":"https:\/\/valleeforestryequipment.eu\/de\/wp-json\/wp\/v2\/media\/7542"}],"wp:attachment":[{"href":"https:\/\/valleeforestryequipment.eu\/de\/wp-json\/wp\/v2\/media?parent=6667"}],"wp:term":[{"taxonomy":"product_brand","embeddable":true,"href":"https:\/\/valleeforestryequipment.eu\/de\/wp-json\/wp\/v2\/product_brand?post=6667"},{"taxonomy":"product_cat","embeddable":true,"href":"https:\/\/valleeforestryequipment.eu\/de\/wp-json\/wp\/v2\/product_cat?post=6667"},{"taxonomy":"product_tag","embeddable":true,"href":"https:\/\/valleeforestryequipment.eu\/de\/wp-json\/wp\/v2\/product_tag?post=6667"}],"curies":[{"name":"wp","href":"https:\/\/api.w.org\/{rel}","templated":true}]}}