{"id":6669,"date":"2024-09-13T15:00:55","date_gmt":"2024-09-13T19:00:55","guid":{"rendered":"https:\/\/valleeforestryequipment.eu\/produit\/toile-de-protection-standard-pour-scierie\/"},"modified":"2025-08-28T16:34:09","modified_gmt":"2025-08-28T20:34:09","slug":"standard-saegewerk-schutzhuelle","status":"publish","type":"product","link":"https:\/\/valleeforestryequipment.eu\/de\/produkt\/standard-saegewerk-schutzhuelle\/","title":{"rendered":"Standard-S\u00e4gewerk-Schutzh\u00fclle"},"content":{"rendered":"","protected":false},"excerpt":{"rendered":"<h5>Robuste Schutzplane, entwickelt, um Ihr S\u00e4gewerk vor Witterungseinfl\u00fcssen und Staub zu sch\u00fctzen.<\/h5>\n<p data-start=\"660\" data-end=\"694\"><strong data-start=\"660\" data-end=\"692\">Hauptmerkmale<\/strong><\/p>\n<ul>\n<li data-start=\"697\" data-end=\"756\">Kompatibel mit den meisten tragbaren Vall\u00e9e-S\u00e4gewerken<\/li>\n<li data-start=\"759\" data-end=\"793\">Einfache Installation<\/li>\n<li data-start=\"796\" data-end=\"852\">Schutz vor Regen, Staub und Schmutz<\/li>\n<\/ul>\n","protected":false},"featured_media":7539,"template":"","meta":{"_acf_changed":false},"product_brand":[],"product_cat":[367],"product_tag":[],"class_list":{"0":"post-6669","1":"product","2":"type-product","3":"status-publish","4":"has-post-thumbnail","6":"product_cat-zubehoer-und-sonstiges","8":"first","9":"instock","10":"taxable","11":"shipping-taxable","12":"purchasable","13":"product-type-simple"},"acf":[],"_links":{"self":[{"href":"https:\/\/valleeforestryequipment.eu\/de\/wp-json\/wp\/v2\/product\/6669","targetHints":{"allow":["GET"]}}],"collection":[{"href":"https:\/\/valleeforestryequipment.eu\/de\/wp-json\/wp\/v2\/product"}],"about":[{"href":"https:\/\/valleeforestryequipment.eu\/de\/wp-json\/wp\/v2\/types\/product"}],"wp:featuredmedia":[{"embeddable":true,"href":"https:\/\/valleeforestryequipment.eu\/de\/wp-json\/wp\/v2\/media\/7539"}],"wp:attachment":[{"href":"https:\/\/valleeforestryequipment.eu\/de\/wp-json\/wp\/v2\/media?parent=6669"}],"wp:term":[{"taxonomy":"product_brand","embeddable":true,"href":"https:\/\/valleeforestryequipment.eu\/de\/wp-json\/wp\/v2\/product_brand?post=6669"},{"taxonomy":"product_cat","embeddable":true,"href":"https:\/\/valleeforestryequipment.eu\/de\/wp-json\/wp\/v2\/product_cat?post=6669"},{"taxonomy":"product_tag","embeddable":true,"href":"https:\/\/valleeforestryequipment.eu\/de\/wp-json\/wp\/v2\/product_tag?post=6669"}],"curies":[{"name":"wp","href":"https:\/\/api.w.org\/{rel}","templated":true}]}}