{"id":6671,"date":"2024-09-13T23:30:37","date_gmt":"2024-09-14T03:30:37","guid":{"rendered":"https:\/\/valleeforestryequipment.eu\/produit\/lames-pour-moulin-a-scie\/"},"modified":"2025-09-12T11:55:20","modified_gmt":"2025-09-12T15:55:20","slug":"saegewerksblaetter","status":"publish","type":"product","link":"https:\/\/valleeforestryequipment.eu\/de\/produkt\/saegewerksblaetter\/","title":{"rendered":"S\u00e4gewerksbl\u00e4tter"},"content":{"rendered":"","protected":false},"excerpt":{"rendered":"<h5 data-start=\"91\" data-end=\"258\">IDEAL APEX RF S\u00e4geb\u00e4nder aus schwedischem Stahl, die Pr\u00e4zision, Langlebigkeit und Leistung f\u00fcr mobile S\u00e4gewerke und tragbare M\u00fchlen bieten.<\/h5>\n<p data-start=\"260\" data-end=\"294\"><strong data-start=\"260\" data-end=\"292\">Hauptmerkmale<\/strong><\/p>\n<ul>\n<li>Geschliffene Verzahnung f\u00fcr eine optimale Schneide<\/li>\n<li>Mehrmals nachsch\u00e4rfbar f\u00fcr eine lange Lebensdauer<\/li>\n<li>Saubere und pr\u00e4zise Schnitte mit wenig Materialverlust<\/li>\n<\/ul>\n","protected":false},"featured_media":6105,"template":"","meta":{"_acf_changed":false},"product_brand":[],"product_cat":[367],"product_tag":[],"class_list":{"0":"post-6671","1":"product","2":"type-product","3":"status-publish","4":"has-post-thumbnail","6":"product_cat-zubehoer-und-sonstiges","8":"first","9":"instock","10":"taxable","11":"shipping-taxable","12":"purchasable","13":"product-type-variable"},"acf":[],"_links":{"self":[{"href":"https:\/\/valleeforestryequipment.eu\/de\/wp-json\/wp\/v2\/product\/6671","targetHints":{"allow":["GET"]}}],"collection":[{"href":"https:\/\/valleeforestryequipment.eu\/de\/wp-json\/wp\/v2\/product"}],"about":[{"href":"https:\/\/valleeforestryequipment.eu\/de\/wp-json\/wp\/v2\/types\/product"}],"wp:featuredmedia":[{"embeddable":true,"href":"https:\/\/valleeforestryequipment.eu\/de\/wp-json\/wp\/v2\/media\/6105"}],"wp:attachment":[{"href":"https:\/\/valleeforestryequipment.eu\/de\/wp-json\/wp\/v2\/media?parent=6671"}],"wp:term":[{"taxonomy":"product_brand","embeddable":true,"href":"https:\/\/valleeforestryequipment.eu\/de\/wp-json\/wp\/v2\/product_brand?post=6671"},{"taxonomy":"product_cat","embeddable":true,"href":"https:\/\/valleeforestryequipment.eu\/de\/wp-json\/wp\/v2\/product_cat?post=6671"},{"taxonomy":"product_tag","embeddable":true,"href":"https:\/\/valleeforestryequipment.eu\/de\/wp-json\/wp\/v2\/product_tag?post=6671"}],"curies":[{"name":"wp","href":"https:\/\/api.w.org\/{rel}","templated":true}]}}