{"id":6683,"date":"2023-09-13T14:50:04","date_gmt":"2023-09-13T18:50:04","guid":{"rendered":"https:\/\/valleeforestryequipment.eu\/produit\/ensemble-dentretien-le-stone\/"},"modified":"2025-08-29T09:32:35","modified_gmt":"2025-08-29T13:32:35","slug":"wartungsset-fuer-yellowstone","status":"publish","type":"product","link":"https:\/\/valleeforestryequipment.eu\/de\/produkt\/wartungsset-fuer-yellowstone\/","title":{"rendered":"Wartungsset f\u00fcr Yellowstone"},"content":{"rendered":"","protected":false},"excerpt":{"rendered":"<h5 data-start=\"100\" data-end=\"249\">Alles Wesentliche f\u00fcr die Wartung und Leistung Ihrer S\u00e4gewerke und Zubeh\u00f6rteile.<\/h5>\n<p data-start=\"251\" data-end=\"285\"><strong data-start=\"251\" data-end=\"283\">Hauptmerkmale<\/strong><\/p>\n<ul>\n<li>Enth\u00e4lt \u00d6le, Fette, Keilriemen und Z\u00fcndkerze f\u00fcr eine komplette Wartung<\/li>\n<li>Enth\u00e4lt Schmiermittel, Farbe und Wartungszubeh\u00f6r<\/li>\n<li>Kappe oder M\u00fctze je nach Jahreszeit enthalten<\/li>\n<\/ul>\n","protected":false},"featured_media":6159,"template":"","meta":{"_acf_changed":false},"product_brand":[],"product_cat":[367],"product_tag":[],"class_list":{"0":"post-6683","1":"product","2":"type-product","3":"status-publish","4":"has-post-thumbnail","6":"product_cat-zubehoer-und-sonstiges","8":"first","9":"instock","10":"taxable","11":"shipping-taxable","12":"purchasable","13":"product-type-simple"},"acf":[],"_links":{"self":[{"href":"https:\/\/valleeforestryequipment.eu\/de\/wp-json\/wp\/v2\/product\/6683","targetHints":{"allow":["GET"]}}],"collection":[{"href":"https:\/\/valleeforestryequipment.eu\/de\/wp-json\/wp\/v2\/product"}],"about":[{"href":"https:\/\/valleeforestryequipment.eu\/de\/wp-json\/wp\/v2\/types\/product"}],"wp:featuredmedia":[{"embeddable":true,"href":"https:\/\/valleeforestryequipment.eu\/de\/wp-json\/wp\/v2\/media\/6159"}],"wp:attachment":[{"href":"https:\/\/valleeforestryequipment.eu\/de\/wp-json\/wp\/v2\/media?parent=6683"}],"wp:term":[{"taxonomy":"product_brand","embeddable":true,"href":"https:\/\/valleeforestryequipment.eu\/de\/wp-json\/wp\/v2\/product_brand?post=6683"},{"taxonomy":"product_cat","embeddable":true,"href":"https:\/\/valleeforestryequipment.eu\/de\/wp-json\/wp\/v2\/product_cat?post=6683"},{"taxonomy":"product_tag","embeddable":true,"href":"https:\/\/valleeforestryequipment.eu\/de\/wp-json\/wp\/v2\/product_tag?post=6683"}],"curies":[{"name":"wp","href":"https:\/\/api.w.org\/{rel}","templated":true}]}}