{"id":6687,"date":"2023-09-03T14:40:30","date_gmt":"2023-09-03T18:40:30","guid":{"rendered":"https:\/\/valleeforestryequipment.eu\/produit\/ensemble-dentretien-little-blue-13hp\/"},"modified":"2025-08-29T09:39:58","modified_gmt":"2025-08-29T13:39:58","slug":"wartungsset-fuer-little-blue-13-ps","status":"publish","type":"product","link":"https:\/\/valleeforestryequipment.eu\/de\/produkt\/wartungsset-fuer-little-blue-13-ps\/","title":{"rendered":"Wartungsset f\u00fcr Little Blue 13 PS"},"content":{"rendered":"","protected":false},"excerpt":{"rendered":"<h5 data-start=\"85\" data-end=\"243\">Alle wichtigen Produkte, um Ihr Little Blue S\u00e4gewerk in einwandfreiem Zustand zu halten.<\/h5>\n<p data-start=\"245\" data-end=\"279\"><strong data-start=\"245\" data-end=\"277\">Hauptmerkmale<\/strong><\/p>\n<ul>\n<li>Enth\u00e4lt \u00d6le, Fette, Keilriemen und Z\u00fcndkerze f\u00fcr eine komplette Wartung<\/li>\n<li>Beinhaltet Mehrzweck-Schmiermittel, Farbe und saisonales Zubeh\u00f6r<\/li>\n<li>Gew\u00e4hrleistet die Langlebigkeit, Sicherheit und Leistung Ihrer Ausr\u00fcstung<\/li>\n<\/ul>\n","protected":false},"featured_media":6164,"template":"","meta":{"_acf_changed":false},"product_brand":[],"product_cat":[367],"product_tag":[],"class_list":{"0":"post-6687","1":"product","2":"type-product","3":"status-publish","4":"has-post-thumbnail","6":"product_cat-zubehoer-und-sonstiges","8":"first","9":"instock","10":"taxable","11":"shipping-taxable","12":"purchasable","13":"product-type-simple"},"acf":[],"_links":{"self":[{"href":"https:\/\/valleeforestryequipment.eu\/de\/wp-json\/wp\/v2\/product\/6687","targetHints":{"allow":["GET"]}}],"collection":[{"href":"https:\/\/valleeforestryequipment.eu\/de\/wp-json\/wp\/v2\/product"}],"about":[{"href":"https:\/\/valleeforestryequipment.eu\/de\/wp-json\/wp\/v2\/types\/product"}],"wp:featuredmedia":[{"embeddable":true,"href":"https:\/\/valleeforestryequipment.eu\/de\/wp-json\/wp\/v2\/media\/6164"}],"wp:attachment":[{"href":"https:\/\/valleeforestryequipment.eu\/de\/wp-json\/wp\/v2\/media?parent=6687"}],"wp:term":[{"taxonomy":"product_brand","embeddable":true,"href":"https:\/\/valleeforestryequipment.eu\/de\/wp-json\/wp\/v2\/product_brand?post=6687"},{"taxonomy":"product_cat","embeddable":true,"href":"https:\/\/valleeforestryequipment.eu\/de\/wp-json\/wp\/v2\/product_cat?post=6687"},{"taxonomy":"product_tag","embeddable":true,"href":"https:\/\/valleeforestryequipment.eu\/de\/wp-json\/wp\/v2\/product_tag?post=6687"}],"curies":[{"name":"wp","href":"https:\/\/api.w.org\/{rel}","templated":true}]}}