{"id":6695,"date":"2023-09-13T14:30:22","date_gmt":"2023-09-13T18:30:22","guid":{"rendered":"https:\/\/valleeforestryequipment.eu\/produit\/ensemble-dentretien-green-monster\/"},"modified":"2025-08-29T09:58:52","modified_gmt":"2025-08-29T13:58:52","slug":"wartungsset-fuer-green-monster","status":"publish","type":"product","link":"https:\/\/valleeforestryequipment.eu\/de\/produkt\/wartungsset-fuer-green-monster\/","title":{"rendered":"Wartungsset f\u00fcr Green Monster"},"content":{"rendered":"","protected":false},"excerpt":{"rendered":"<h5 data-start=\"55\" data-end=\"202\">Alle wichtigen Produkte, um Ihr Green Monster S\u00e4gewerk in einwandfreiem Zustand zu halten.<\/h5>\n<p data-start=\"204\" data-end=\"238\"><strong data-start=\"204\" data-end=\"236\">Hauptmerkmale<\/strong><\/p>\n<ul>\n<li>Enth\u00e4lt \u00d6le, Filter, Keilriemen, Z\u00fcndkerzen und Bremse f\u00fcr eine komplette Wartung<\/li>\n<li>Beinhaltet Mehrzweck-Schmiermittel, Farbe und saisonales Zubeh\u00f6r<\/li>\n<li>Garantiert Langlebigkeit, Sicherheit und Leistung Ihrer Ausr\u00fcstung<\/li>\n<\/ul>\n","protected":false},"featured_media":6172,"template":"","meta":{"_acf_changed":false},"product_brand":[],"product_cat":[367],"product_tag":[],"class_list":{"0":"post-6695","1":"product","2":"type-product","3":"status-publish","4":"has-post-thumbnail","6":"product_cat-zubehoer-und-sonstiges","8":"first","9":"instock","10":"taxable","11":"shipping-taxable","12":"purchasable","13":"product-type-simple"},"acf":[],"_links":{"self":[{"href":"https:\/\/valleeforestryequipment.eu\/de\/wp-json\/wp\/v2\/product\/6695","targetHints":{"allow":["GET"]}}],"collection":[{"href":"https:\/\/valleeforestryequipment.eu\/de\/wp-json\/wp\/v2\/product"}],"about":[{"href":"https:\/\/valleeforestryequipment.eu\/de\/wp-json\/wp\/v2\/types\/product"}],"wp:featuredmedia":[{"embeddable":true,"href":"https:\/\/valleeforestryequipment.eu\/de\/wp-json\/wp\/v2\/media\/6172"}],"wp:attachment":[{"href":"https:\/\/valleeforestryequipment.eu\/de\/wp-json\/wp\/v2\/media?parent=6695"}],"wp:term":[{"taxonomy":"product_brand","embeddable":true,"href":"https:\/\/valleeforestryequipment.eu\/de\/wp-json\/wp\/v2\/product_brand?post=6695"},{"taxonomy":"product_cat","embeddable":true,"href":"https:\/\/valleeforestryequipment.eu\/de\/wp-json\/wp\/v2\/product_cat?post=6695"},{"taxonomy":"product_tag","embeddable":true,"href":"https:\/\/valleeforestryequipment.eu\/de\/wp-json\/wp\/v2\/product_tag?post=6695"}],"curies":[{"name":"wp","href":"https:\/\/api.w.org\/{rel}","templated":true}]}}