{"id":6778,"date":"2025-08-21T15:59:35","date_gmt":"2025-08-21T19:59:35","guid":{"rendered":"https:\/\/valleeforestryequipment.eu\/produit\/fendeuse-a-bois-power-split-rex-deluxe\/"},"modified":"2025-12-02T10:19:42","modified_gmt":"2025-12-02T15:19:42","slug":"holzspalter-power-split-rex-deluxe","status":"publish","type":"product","link":"https:\/\/valleeforestryequipment.eu\/de\/produkt\/holzspalter-power-split-rex-deluxe\/","title":{"rendered":"HOLZSPALTER &#8211; Power Split Rex Deluxe"},"content":{"rendered":"","protected":false},"excerpt":{"rendered":"<h5 data-start=\"222\" data-end=\"271\"><strong>Holzspalter \u2013 f\u00fcr gro\u00dfe Holzscheite<\/strong><\/h5>\n<p data-start=\"273\" data-end=\"309\"><strong data-start=\"273\" data-end=\"307\">Hauptmerkmale:<\/strong><\/p>\n<ul>\n<li data-start=\"312\" data-end=\"388\">Spaltl\u00e4nge: 1,52 m \u2013 ideal f\u00fcr \u00fcbergro\u00dfe Holzscheite<\/li>\n<li data-start=\"391\" data-end=\"441\">Vanguard IGX800 Motor \u2013 Leistung und Zuverl\u00e4ssigkeit<\/li>\n<li data-start=\"444\" data-end=\"513\">Verst\u00e4rkte Stahlkonstruktion \u2013 Robustheit und Langlebigkeit garantiert<\/li>\n<li data-start=\"516\" data-end=\"586\">Intuitive und sichere Steuerung \u2013 unkomplizierte Bedienung<\/li>\n<\/ul>\n<h5>\ud83d\udce2\u00a0<strong>Sehen Sie unsere Produkte in Aktion!<\/strong><\/h5>\n<h6>Besuchen Sie uns auf\u00a0<strong><a href=\"https:\/\/www.facebook.com\/ValleeEquipementForestier\/\">Facebook<\/a><\/strong>, folgen Sie uns auf\u00a0<strong><a href=\"https:\/\/www.instagram.com\/valleeforestryequipment\/\">Instagram<\/a><\/strong>\u00a0oder abonnieren Sie unseren\u00a0<strong><a href=\"https:\/\/www.youtube.com\/@ValleeForestryEquipment\">YouTube-Kanal<\/a><\/strong> um das mobile S\u00e4gewerk in Aktion zu sehen und \u00fcber unsere Neuigkeiten auf dem Laufenden zu bleiben!<\/h6>\n","protected":false},"featured_media":5604,"template":"","meta":{"_acf_changed":false},"product_brand":[],"product_cat":[390],"product_tag":[],"class_list":{"0":"post-6778","1":"product","2":"type-product","3":"status-publish","4":"has-post-thumbnail","6":"product_cat-holzspalter","8":"first","9":"instock","10":"taxable","11":"shipping-taxable","12":"purchasable","13":"product-type-variable"},"acf":[],"_links":{"self":[{"href":"https:\/\/valleeforestryequipment.eu\/de\/wp-json\/wp\/v2\/product\/6778","targetHints":{"allow":["GET"]}}],"collection":[{"href":"https:\/\/valleeforestryequipment.eu\/de\/wp-json\/wp\/v2\/product"}],"about":[{"href":"https:\/\/valleeforestryequipment.eu\/de\/wp-json\/wp\/v2\/types\/product"}],"wp:featuredmedia":[{"embeddable":true,"href":"https:\/\/valleeforestryequipment.eu\/de\/wp-json\/wp\/v2\/media\/5604"}],"wp:attachment":[{"href":"https:\/\/valleeforestryequipment.eu\/de\/wp-json\/wp\/v2\/media?parent=6778"}],"wp:term":[{"taxonomy":"product_brand","embeddable":true,"href":"https:\/\/valleeforestryequipment.eu\/de\/wp-json\/wp\/v2\/product_brand?post=6778"},{"taxonomy":"product_cat","embeddable":true,"href":"https:\/\/valleeforestryequipment.eu\/de\/wp-json\/wp\/v2\/product_cat?post=6778"},{"taxonomy":"product_tag","embeddable":true,"href":"https:\/\/valleeforestryequipment.eu\/de\/wp-json\/wp\/v2\/product_tag?post=6778"}],"curies":[{"name":"wp","href":"https:\/\/api.w.org\/{rel}","templated":true}]}}