{"id":6782,"date":"2025-02-05T16:00:37","date_gmt":"2025-02-05T21:00:37","guid":{"rendered":"https:\/\/valleeforestryequipment.eu\/produit\/remorque-forestiere-vallee-express\/"},"modified":"2025-09-02T15:48:34","modified_gmt":"2025-09-02T19:48:34","slug":"vallee-express-forstwirtschaftsanhaenger","status":"publish","type":"product","link":"https:\/\/valleeforestryequipment.eu\/de\/produkt\/vallee-express-forstwirtschaftsanhaenger\/","title":{"rendered":"Vall\u00e9e Express Forstwirtschaftsanh\u00e4nger"},"content":{"rendered":"","protected":false},"excerpt":{"rendered":"<h5>Des petits aux gros billons, la <strong data-start=\"317\" data-end=\"335\">Von kleinen bis zu gro\u00dfen St\u00e4mmen \u2013 der Vall\u00e9e Express begleitet Ihren Transport von der Baustelle zum Hof, effizient und kompromisslos <\/strong><\/h5>\n<p><strong>Hauptmerkmale<\/strong><\/p>\n<ul>\n<li>Tragf\u00e4higkeit: 1.360 kg<\/li>\n<li>Transportiert St\u00e4mme mit einem Durchmesser von bis zu 660 mm und einer L\u00e4nge von 3,65 m oder einem Durchmesser von 860 mm und einer L\u00e4nge von 2,44 m<\/li>\n<li>Integrierte elektrische Seilwinde mit einer maximalen Zugkraft von 1.360 kg<\/li>\n<li>&nbsp;\n<p>Anh\u00e4ngevorrichtung kompatibel mit Quads\/ATVs, UTVs oder kleinen Gel\u00e4ndefahrzeugen<\/li>\n<\/ul>\n","protected":false},"featured_media":6120,"template":"","meta":{"_acf_changed":false},"product_brand":[],"product_cat":[391],"product_tag":[],"class_list":{"0":"post-6782","1":"product","2":"type-product","3":"status-publish","4":"has-post-thumbnail","6":"product_cat-vallee-forstwirtschaftsanhaenger","8":"first","9":"instock","10":"sale","11":"taxable","12":"shipping-taxable","13":"purchasable","14":"product-type-simple"},"acf":[],"_links":{"self":[{"href":"https:\/\/valleeforestryequipment.eu\/de\/wp-json\/wp\/v2\/product\/6782","targetHints":{"allow":["GET"]}}],"collection":[{"href":"https:\/\/valleeforestryequipment.eu\/de\/wp-json\/wp\/v2\/product"}],"about":[{"href":"https:\/\/valleeforestryequipment.eu\/de\/wp-json\/wp\/v2\/types\/product"}],"wp:featuredmedia":[{"embeddable":true,"href":"https:\/\/valleeforestryequipment.eu\/de\/wp-json\/wp\/v2\/media\/6120"}],"wp:attachment":[{"href":"https:\/\/valleeforestryequipment.eu\/de\/wp-json\/wp\/v2\/media?parent=6782"}],"wp:term":[{"taxonomy":"product_brand","embeddable":true,"href":"https:\/\/valleeforestryequipment.eu\/de\/wp-json\/wp\/v2\/product_brand?post=6782"},{"taxonomy":"product_cat","embeddable":true,"href":"https:\/\/valleeforestryequipment.eu\/de\/wp-json\/wp\/v2\/product_cat?post=6782"},{"taxonomy":"product_tag","embeddable":true,"href":"https:\/\/valleeforestryequipment.eu\/de\/wp-json\/wp\/v2\/product_tag?post=6782"}],"curies":[{"name":"wp","href":"https:\/\/api.w.org\/{rel}","templated":true}]}}