{"id":7543,"date":"2025-11-07T11:38:33","date_gmt":"2025-11-07T16:38:33","guid":{"rendered":"https:\/\/valleeforestryequipment.eu\/produit\/cone-de-debusquage\/"},"modified":"2025-11-07T11:38:33","modified_gmt":"2025-11-07T16:38:33","slug":"cone-de-debusquage","status":"publish","type":"product","link":"https:\/\/valleeforestryequipment.eu\/en\/product\/cone-de-debusquage\/","title":{"rendered":"C\u00f4ne de d\u00e9busquage"},"content":{"rendered":"","protected":false},"excerpt":{"rendered":"<h3><strong>Un accessoire indispensable<\/strong><\/h3>\n<p>Pour tous ceux qui travaillent dans les bois, c&#8217;est l&#8217;outil id\u00e9al pour tirer les b\u00fbches et \u00e9viter qu&#8217;elles ne se prennent dans les rainures et les d\u00e9bris.<\/p>\n","protected":false},"featured_media":7100,"template":"","meta":{"_acf_changed":false},"product_brand":[],"product_cat":[234],"product_tag":[],"class_list":{"0":"post-7543","1":"product","2":"type-product","3":"status-publish","4":"has-post-thumbnail","6":"product_cat-accessories","8":"first","9":"instock","10":"taxable","11":"shipping-taxable","12":"purchasable","13":"product-type-simple"},"acf":[],"_links":{"self":[{"href":"https:\/\/valleeforestryequipment.eu\/en\/wp-json\/wp\/v2\/product\/7543","targetHints":{"allow":["GET"]}}],"collection":[{"href":"https:\/\/valleeforestryequipment.eu\/en\/wp-json\/wp\/v2\/product"}],"about":[{"href":"https:\/\/valleeforestryequipment.eu\/en\/wp-json\/wp\/v2\/types\/product"}],"wp:featuredmedia":[{"embeddable":true,"href":"https:\/\/valleeforestryequipment.eu\/en\/wp-json\/wp\/v2\/media\/7100"}],"wp:attachment":[{"href":"https:\/\/valleeforestryequipment.eu\/en\/wp-json\/wp\/v2\/media?parent=7543"}],"wp:term":[{"taxonomy":"product_brand","embeddable":true,"href":"https:\/\/valleeforestryequipment.eu\/en\/wp-json\/wp\/v2\/product_brand?post=7543"},{"taxonomy":"product_cat","embeddable":true,"href":"https:\/\/valleeforestryequipment.eu\/en\/wp-json\/wp\/v2\/product_cat?post=7543"},{"taxonomy":"product_tag","embeddable":true,"href":"https:\/\/valleeforestryequipment.eu\/en\/wp-json\/wp\/v2\/product_tag?post=7543"}],"curies":[{"name":"wp","href":"https:\/\/api.w.org\/{rel}","templated":true}]}}